{"id":800,"date":"2016-07-12T09:27:56","date_gmt":"2016-07-12T09:27:56","guid":{"rendered":"http:\/\/cursadebombers.barcelona\/es\/prensa\/noticies\/"},"modified":"2024-10-25T18:14:59","modified_gmt":"2024-10-25T18:14:59","slug":"noticias-cursa-bombers","status":"publish","type":"page","link":"https:\/\/cursadebombers.barcelona\/es\/prensa\/noticias-cursa-bombers\/","title":{"rendered":"Noticias"},"content":{"rendered":"<p>[et_pb_section fb_built=\u00bb1&#8243; fullwidth=\u00bbon\u00bb _builder_version=\u00bb4.23.1&#8243; background_color=\u00bb#ffffff\u00bb background_image=\u00bbhttps:\/\/cursadebombers.barcelona\/wp-content\/uploads\/2024\/04\/FONDO_1712x250px.jpg\u00bb global_colors_info=\u00bb{}\u00bb][et_pb_fullwidth_header title=\u00bbNOTICIAS DE LA VUELING CURSA BOMBERS BARCELONA\u00bb text_orientation=\u00bbcenter\u00bb _builder_version=\u00bb4.27.0&#8243; background_color=\u00bbrgba(255, 255, 255, 0)\u00bb max_width_tablet=\u00bb50px\u00bb global_colors_info=\u00bb{}\u00bb button_one_text_size__hover_enabled=\u00bboff\u00bb button_one_text_size__hover=\u00bbnull\u00bb button_two_text_size__hover_enabled=\u00bboff\u00bb button_two_text_size__hover=\u00bbnull\u00bb button_one_text_color__hover_enabled=\u00bboff\u00bb button_one_text_color__hover=\u00bbnull\u00bb button_two_text_color__hover_enabled=\u00bboff\u00bb button_two_text_color__hover=\u00bbnull\u00bb button_one_border_width__hover_enabled=\u00bboff\u00bb button_one_border_width__hover=\u00bbnull\u00bb button_two_border_width__hover_enabled=\u00bboff\u00bb button_two_border_width__hover=\u00bbnull\u00bb button_one_border_color__hover_enabled=\u00bboff\u00bb button_one_border_color__hover=\u00bbnull\u00bb button_two_border_color__hover_enabled=\u00bboff\u00bb button_two_border_color__hover=\u00bbnull\u00bb button_one_border_radius__hover_enabled=\u00bboff\u00bb button_one_border_radius__hover=\u00bbnull\u00bb button_two_border_radius__hover_enabled=\u00bboff\u00bb button_two_border_radius__hover=\u00bbnull\u00bb button_one_letter_spacing__hover_enabled=\u00bboff\u00bb button_one_letter_spacing__hover=\u00bbnull\u00bb button_two_letter_spacing__hover_enabled=\u00bboff\u00bb button_two_letter_spacing__hover=\u00bbnull\u00bb button_one_bg_color__hover_enabled=\u00bboff\u00bb button_one_bg_color__hover=\u00bbnull\u00bb button_two_bg_color__hover_enabled=\u00bboff\u00bb button_two_bg_color__hover=\u00bbnull\u00bb][\/et_pb_fullwidth_header][\/et_pb_section][et_pb_section fb_built=\u00bb1&#8243; admin_label=\u00bbsection\u00bb _builder_version=\u00bb4.16&#8243; global_colors_info=\u00bb{}\u00bb][et_pb_row admin_label=\u00bbrow\u00bb _builder_version=\u00bb4.16&#8243; background_size=\u00bbinitial\u00bb background_position=\u00bbtop_left\u00bb background_repeat=\u00bbrepeat\u00bb global_colors_info=\u00bb{}\u00bb][et_pb_column type=\u00bb4_4&#8243; _builder_version=\u00bb4.16&#8243; custom_padding=\u00bb|||\u00bb global_colors_info=\u00bb{}\u00bb custom_padding__hover=\u00bb|||\u00bb][et_pb_blog fullwidth=\u00bboff\u00bb posts_number=\u00bb20&#8243; include_categories=\u00bb2&#8243; show_more=\u00bbon\u00bb show_author=\u00bboff\u00bb show_categories=\u00bboff\u00bb _builder_version=\u00bb4.16&#8243; box_shadow_style=\u00bbpreset1&#8243; use_border_color=\u00bboff\u00bb border_color=\u00bb#ffffff\u00bb border_style=\u00bbsolid\u00bb use_dropshadow=\u00bboff\u00bb global_colors_info=\u00bb{}\u00bb]<br \/>\n[\/et_pb_blog][\/et_pb_column][\/et_pb_row][\/et_pb_section]<\/p>\n","protected":false},"excerpt":{"rendered":"","protected":false},"author":1,"featured_media":0,"parent":525,"menu_order":0,"comment_status":"closed","ping_status":"closed","template":"","meta":{"_et_pb_use_builder":"on","_et_pb_old_content":"","_et_gb_content_width":"","footnotes":""},"class_list":["post-800","page","type-page","status-publish","hentry"],"yoast_head":"<!-- This site is optimized with the Yoast SEO plugin v27.2 - https:\/\/yoast.com\/product\/yoast-seo-wordpress\/ -->\n<title>Las \u00faltimas noticias de la Vueling Cursa Bombers Barcelona<\/title>\n<meta name=\"description\" content=\"Descubre toda la informaci\u00f3n y noticias de la Vueling Cursa Bombers Barcelona 20024: camiseta, patrocinadores, entrenos y m\u00e1s.\" \/>\n<meta name=\"robots\" content=\"index, follow, max-snippet:-1, max-image-preview:large, max-video-preview:-1\" \/>\n<link rel=\"canonical\" href=\"https:\/\/cursadebombers.barcelona\/es\/prensa\/noticias-cursa-bombers\/\" \/>\n<meta property=\"og:locale\" content=\"es_ES\" \/>\n<meta property=\"og:type\" content=\"article\" \/>\n<meta property=\"og:title\" content=\"Las \u00faltimas noticias de la Vueling Cursa Bombers Barcelona\" \/>\n<meta property=\"og:description\" content=\"Descubre toda la informaci\u00f3n y noticias de la Vueling Cursa Bombers Barcelona 20024: camiseta, patrocinadores, entrenos y m\u00e1s.\" \/>\n<meta property=\"og:url\" content=\"https:\/\/cursadebombers.barcelona\/es\/prensa\/noticias-cursa-bombers\/\" \/>\n<meta property=\"og:site_name\" content=\"Cursa de Bombers\" \/>\n<meta property=\"article:publisher\" content=\"https:\/\/www.facebook.com\/CursadeBombers\/\" \/>\n<meta property=\"article:modified_time\" content=\"2024-10-25T18:14:59+00:00\" \/>\n<meta name=\"twitter:card\" content=\"summary_large_image\" \/>\n<meta name=\"twitter:site\" content=\"@cursadebombers\" \/>\n<meta name=\"twitter:label1\" content=\"Tiempo de lectura\" \/>\n\t<meta name=\"twitter:data1\" content=\"10 minutos\" \/>\n<script type=\"application\/ld+json\" class=\"yoast-schema-graph\">{\"@context\":\"https:\/\/schema.org\",\"@graph\":[{\"@type\":\"WebPage\",\"@id\":\"https:\/\/cursadebombers.barcelona\/es\/prensa\/noticias-cursa-bombers\/\",\"url\":\"https:\/\/cursadebombers.barcelona\/es\/prensa\/noticias-cursa-bombers\/\",\"name\":\"Las \u00faltimas noticias de la Vueling Cursa Bombers Barcelona\",\"isPartOf\":{\"@id\":\"https:\/\/cursadebombers.barcelona\/#website\"},\"datePublished\":\"2016-07-12T09:27:56+00:00\",\"dateModified\":\"2024-10-25T18:14:59+00:00\",\"description\":\"Descubre toda la informaci\u00f3n y noticias de la Vueling Cursa Bombers Barcelona 20024: camiseta, patrocinadores, entrenos y m\u00e1s.\",\"breadcrumb\":{\"@id\":\"https:\/\/cursadebombers.barcelona\/es\/prensa\/noticias-cursa-bombers\/#breadcrumb\"},\"inLanguage\":\"es\",\"potentialAction\":[{\"@type\":\"ReadAction\",\"target\":[\"https:\/\/cursadebombers.barcelona\/es\/prensa\/noticias-cursa-bombers\/\"]}]},{\"@type\":\"BreadcrumbList\",\"@id\":\"https:\/\/cursadebombers.barcelona\/es\/prensa\/noticias-cursa-bombers\/#breadcrumb\",\"itemListElement\":[{\"@type\":\"ListItem\",\"position\":1,\"name\":\"Inici\",\"item\":\"https:\/\/cursadebombers.barcelona\/\"},{\"@type\":\"ListItem\",\"position\":2,\"name\":\"Prensa\",\"item\":\"https:\/\/cursadebombers.barcelona\/es\/prensa\/\"},{\"@type\":\"ListItem\",\"position\":3,\"name\":\"Noticias\"}]},{\"@type\":\"WebSite\",\"@id\":\"https:\/\/cursadebombers.barcelona\/#website\",\"url\":\"https:\/\/cursadebombers.barcelona\/\",\"name\":\"Cursa de Bombers\",\"description\":\"La Cursa dels Bombers de Barcelona.\",\"publisher\":{\"@id\":\"https:\/\/cursadebombers.barcelona\/#organization\"},\"potentialAction\":[{\"@type\":\"SearchAction\",\"target\":{\"@type\":\"EntryPoint\",\"urlTemplate\":\"https:\/\/cursadebombers.barcelona\/?s={search_term_string}\"},\"query-input\":{\"@type\":\"PropertyValueSpecification\",\"valueRequired\":true,\"valueName\":\"search_term_string\"}}],\"inLanguage\":\"es\"},{\"@type\":\"Organization\",\"@id\":\"https:\/\/cursadebombers.barcelona\/#organization\",\"name\":\"Cursa de Bombers\",\"url\":\"https:\/\/cursadebombers.barcelona\/\",\"logo\":{\"@type\":\"ImageObject\",\"inLanguage\":\"es\",\"@id\":\"https:\/\/cursadebombers.barcelona\/#\/schema\/logo\/image\/\",\"url\":\"https:\/\/cursadebombers.barcelona\/wp-content\/uploads\/2025\/06\/logo-cursa-bombers-app.png\",\"contentUrl\":\"https:\/\/cursadebombers.barcelona\/wp-content\/uploads\/2025\/06\/logo-cursa-bombers-app.png\",\"width\":512,\"height\":512,\"caption\":\"Cursa de Bombers\"},\"image\":{\"@id\":\"https:\/\/cursadebombers.barcelona\/#\/schema\/logo\/image\/\"},\"sameAs\":[\"https:\/\/www.facebook.com\/CursadeBombers\/\",\"https:\/\/x.com\/cursadebombers\",\"https:\/\/www.instagram.com\/cursadebombers\/\"]}]}<\/script>\n<!-- \/ Yoast SEO plugin. -->","yoast_head_json":{"title":"Las \u00faltimas noticias de la Vueling Cursa Bombers Barcelona","description":"Descubre toda la informaci\u00f3n y noticias de la Vueling Cursa Bombers Barcelona 20024: camiseta, patrocinadores, entrenos y m\u00e1s.","robots":{"index":"index","follow":"follow","max-snippet":"max-snippet:-1","max-image-preview":"max-image-preview:large","max-video-preview":"max-video-preview:-1"},"canonical":"https:\/\/cursadebombers.barcelona\/es\/prensa\/noticias-cursa-bombers\/","og_locale":"es_ES","og_type":"article","og_title":"Las \u00faltimas noticias de la Vueling Cursa Bombers Barcelona","og_description":"Descubre toda la informaci\u00f3n y noticias de la Vueling Cursa Bombers Barcelona 20024: camiseta, patrocinadores, entrenos y m\u00e1s.","og_url":"https:\/\/cursadebombers.barcelona\/es\/prensa\/noticias-cursa-bombers\/","og_site_name":"Cursa de Bombers","article_publisher":"https:\/\/www.facebook.com\/CursadeBombers\/","article_modified_time":"2024-10-25T18:14:59+00:00","twitter_card":"summary_large_image","twitter_site":"@cursadebombers","twitter_misc":{"Tiempo de lectura":"10 minutos"},"schema":{"@context":"https:\/\/schema.org","@graph":[{"@type":"WebPage","@id":"https:\/\/cursadebombers.barcelona\/es\/prensa\/noticias-cursa-bombers\/","url":"https:\/\/cursadebombers.barcelona\/es\/prensa\/noticias-cursa-bombers\/","name":"Las \u00faltimas noticias de la Vueling Cursa Bombers Barcelona","isPartOf":{"@id":"https:\/\/cursadebombers.barcelona\/#website"},"datePublished":"2016-07-12T09:27:56+00:00","dateModified":"2024-10-25T18:14:59+00:00","description":"Descubre toda la informaci\u00f3n y noticias de la Vueling Cursa Bombers Barcelona 20024: camiseta, patrocinadores, entrenos y m\u00e1s.","breadcrumb":{"@id":"https:\/\/cursadebombers.barcelona\/es\/prensa\/noticias-cursa-bombers\/#breadcrumb"},"inLanguage":"es","potentialAction":[{"@type":"ReadAction","target":["https:\/\/cursadebombers.barcelona\/es\/prensa\/noticias-cursa-bombers\/"]}]},{"@type":"BreadcrumbList","@id":"https:\/\/cursadebombers.barcelona\/es\/prensa\/noticias-cursa-bombers\/#breadcrumb","itemListElement":[{"@type":"ListItem","position":1,"name":"Inici","item":"https:\/\/cursadebombers.barcelona\/"},{"@type":"ListItem","position":2,"name":"Prensa","item":"https:\/\/cursadebombers.barcelona\/es\/prensa\/"},{"@type":"ListItem","position":3,"name":"Noticias"}]},{"@type":"WebSite","@id":"https:\/\/cursadebombers.barcelona\/#website","url":"https:\/\/cursadebombers.barcelona\/","name":"Cursa de Bombers","description":"La Cursa dels Bombers de Barcelona.","publisher":{"@id":"https:\/\/cursadebombers.barcelona\/#organization"},"potentialAction":[{"@type":"SearchAction","target":{"@type":"EntryPoint","urlTemplate":"https:\/\/cursadebombers.barcelona\/?s={search_term_string}"},"query-input":{"@type":"PropertyValueSpecification","valueRequired":true,"valueName":"search_term_string"}}],"inLanguage":"es"},{"@type":"Organization","@id":"https:\/\/cursadebombers.barcelona\/#organization","name":"Cursa de Bombers","url":"https:\/\/cursadebombers.barcelona\/","logo":{"@type":"ImageObject","inLanguage":"es","@id":"https:\/\/cursadebombers.barcelona\/#\/schema\/logo\/image\/","url":"https:\/\/cursadebombers.barcelona\/wp-content\/uploads\/2025\/06\/logo-cursa-bombers-app.png","contentUrl":"https:\/\/cursadebombers.barcelona\/wp-content\/uploads\/2025\/06\/logo-cursa-bombers-app.png","width":512,"height":512,"caption":"Cursa de Bombers"},"image":{"@id":"https:\/\/cursadebombers.barcelona\/#\/schema\/logo\/image\/"},"sameAs":["https:\/\/www.facebook.com\/CursadeBombers\/","https:\/\/x.com\/cursadebombers","https:\/\/www.instagram.com\/cursadebombers\/"]}]}},"_links":{"self":[{"href":"https:\/\/cursadebombers.barcelona\/es\/wp-json\/wp\/v2\/pages\/800","targetHints":{"allow":["GET"]}}],"collection":[{"href":"https:\/\/cursadebombers.barcelona\/es\/wp-json\/wp\/v2\/pages"}],"about":[{"href":"https:\/\/cursadebombers.barcelona\/es\/wp-json\/wp\/v2\/types\/page"}],"author":[{"embeddable":true,"href":"https:\/\/cursadebombers.barcelona\/es\/wp-json\/wp\/v2\/users\/1"}],"replies":[{"embeddable":true,"href":"https:\/\/cursadebombers.barcelona\/es\/wp-json\/wp\/v2\/comments?post=800"}],"version-history":[{"count":5,"href":"https:\/\/cursadebombers.barcelona\/es\/wp-json\/wp\/v2\/pages\/800\/revisions"}],"predecessor-version":[{"id":12980,"href":"https:\/\/cursadebombers.barcelona\/es\/wp-json\/wp\/v2\/pages\/800\/revisions\/12980"}],"up":[{"embeddable":true,"href":"https:\/\/cursadebombers.barcelona\/es\/wp-json\/wp\/v2\/pages\/525"}],"wp:attachment":[{"href":"https:\/\/cursadebombers.barcelona\/es\/wp-json\/wp\/v2\/media?parent=800"}],"curies":[{"name":"wp","href":"https:\/\/api.w.org\/{rel}","templated":true}]}}