{"id":508,"date":"2016-07-12T09:21:59","date_gmt":"2016-07-12T09:21:59","guid":{"rendered":"http:\/\/cursadebombers.barcelona\/es\/la-cursa\/cursa-de-bombers-2016\/"},"modified":"2023-10-16T10:05:37","modified_gmt":"2023-10-16T10:05:37","slug":"cursa-bombers","status":"publish","type":"page","link":"https:\/\/cursadebombers.barcelona\/es\/la-cursa\/cursa-bombers\/","title":{"rendered":"Cursa Bombers 2023"},"content":{"rendered":"<p>[et_pb_section fb_built=\u00bb1&#8243; fullwidth=\u00bbon\u00bb _builder_version=\u00bb4.22.2&#8243; background_color=\u00bb#ffffff\u00bb background_image=\u00bbhttps:\/\/cursadebombers.barcelona\/wp-content\/uploads\/2023\/09\/Cabecera_v2_1712x250px-1.jpg\u00bb height_tablet=\u00bb100px\u00bb height_phone=\u00bb\u00bb height_last_edited=\u00bbon|phone\u00bb background_last_edited=\u00bbon|desktop\u00bb background_image_phone=\u00bbhttps:\/\/cursadebombers.barcelona\/wp-content\/uploads\/2023\/09\/FONDO_1712x250px.jpg\u00bb background_enable_image_phone=\u00bbon\u00bb global_colors_info=\u00bb{}\u00bb][et_pb_fullwidth_header title=\u00bbVUELING CURSA BOMBERS BARCELONA 2023&#8243; text_orientation=\u00bbcenter\u00bb background_overlay_color=\u00bbRGBA(0,0,0,0)\u00bb _builder_version=\u00bb4.22.2&#8243; title_text_color=\u00bbRGBA(0,0,0,0)\u00bb background_color=\u00bbrgba(255, 255, 255, 0)\u00bb max_width_tablet=\u00bb50px\u00bb hover_enabled=\u00bb0&#8243; title_text_color_tablet=\u00bbRGBA(255,255,255,0)\u00bb title_text_color_last_edited=\u00bbon|phone\u00bb title_font_size_tablet=\u00bb\u00bb title_font_size_phone=\u00bb\u00bb title_font_size_last_edited=\u00bbon|phone\u00bb global_colors_info=\u00bb{}\u00bb button_one_text_size__hover_enabled=\u00bboff\u00bb button_one_text_size__hover=\u00bbnull\u00bb button_two_text_size__hover_enabled=\u00bboff\u00bb button_two_text_size__hover=\u00bbnull\u00bb button_one_text_color__hover_enabled=\u00bboff\u00bb button_one_text_color__hover=\u00bbnull\u00bb button_two_text_color__hover_enabled=\u00bboff\u00bb button_two_text_color__hover=\u00bbnull\u00bb button_one_border_width__hover_enabled=\u00bboff\u00bb button_one_border_width__hover=\u00bbnull\u00bb button_two_border_width__hover_enabled=\u00bboff\u00bb button_two_border_width__hover=\u00bbnull\u00bb button_one_border_color__hover_enabled=\u00bboff\u00bb button_one_border_color__hover=\u00bbnull\u00bb button_two_border_color__hover_enabled=\u00bboff\u00bb button_two_border_color__hover=\u00bbnull\u00bb button_one_border_radius__hover_enabled=\u00bboff\u00bb button_one_border_radius__hover=\u00bbnull\u00bb button_two_border_radius__hover_enabled=\u00bboff\u00bb button_two_border_radius__hover=\u00bbnull\u00bb button_one_letter_spacing__hover_enabled=\u00bbon\u00bb button_one_letter_spacing__hover=\u00bb0&#8243; button_two_letter_spacing__hover_enabled=\u00bbon\u00bb button_two_letter_spacing__hover=\u00bb0&#8243; button_one_bg_color__hover_enabled=\u00bboff\u00bb button_one_bg_color__hover=\u00bbnull\u00bb button_two_bg_color__hover_enabled=\u00bboff\u00bb button_two_bg_color__hover=\u00bbnull\u00bb sticky_enabled=\u00bb0&#8243; title_text_color_phone=\u00bbRGBA(255,255,255,0)\u00bb][\/et_pb_fullwidth_header][\/et_pb_section][et_pb_section fb_built=\u00bb1&#8243; custom_padding_last_edited=\u00bbon|desktop\u00bb _builder_version=\u00bb4.16&#8243; background_color=\u00bb#ffffff\u00bb custom_padding=\u00bb5px||5px|\u00bb custom_padding_tablet=\u00bb50px|0|50px|0&#8243; custom_padding_phone=\u00bb\u00bb transparent_background=\u00bboff\u00bb padding_mobile=\u00bboff\u00bb make_fullwidth=\u00bboff\u00bb use_custom_width=\u00bboff\u00bb width_unit=\u00bbon\u00bb global_colors_info=\u00bb{}\u00bb][et_pb_row column_structure=\u00bb1_3,2_3&#8243; _builder_version=\u00bb4.16&#8243; background_size=\u00bbinitial\u00bb background_position=\u00bbtop_left\u00bb background_repeat=\u00bbrepeat\u00bb global_colors_info=\u00bb{}\u00bb][et_pb_column type=\u00bb1_3&#8243; _builder_version=\u00bb4.16&#8243; custom_padding=\u00bb|||\u00bb global_colors_info=\u00bb{}\u00bb custom_padding__hover=\u00bb|||\u00bb][et_pb_text _builder_version=\u00bb4.16&#8243; background_size=\u00bbinitial\u00bb background_position=\u00bbtop_left\u00bb background_repeat=\u00bbrepeat\u00bb use_border_color=\u00bboff\u00bb global_colors_info=\u00bb{}\u00bb]<\/p>\n<h2><\/h2>\n<h2><span style=\"color: #da291c;\"><strong>Fecha<\/strong><\/span> 22 de octubre 2023<\/h2>\n<h2><span style=\"color: #da291c;\"><strong>Hora\u00a0<\/strong><\/span>9:00h\u00a0<\/h2>\n<h2><span style=\"color: #da291c;\"><strong>Lugar<\/strong><\/span> Barcelona<\/h2>\n<p>[\/et_pb_text][\/et_pb_column][et_pb_column type=\u00bb2_3&#8243; _builder_version=\u00bb4.16&#8243; custom_padding=\u00bb|||\u00bb global_colors_info=\u00bb{}\u00bb custom_padding__hover=\u00bb|||\u00bb][et_pb_text _builder_version=\u00bb4.16&#8243; text_line_height=\u00bb1.5em\u00bb background_size=\u00bbinitial\u00bb background_position=\u00bbtop_left\u00bb background_repeat=\u00bbrepeat\u00bb use_border_color=\u00bboff\u00bb global_colors_info=\u00bb{}\u00bb]<\/p>\n<h5><strong><\/strong><\/h5>\n<h5><strong><\/strong><\/h5>\n<h5><strong>La Vueling Cursa Bombers Barcelona vuelve el 22 de octubre de 2023<\/strong><\/h5>\n<p style=\"text-align: justify;\">La Cursa Bombers de Barcelona volver\u00e1 a llenar las calles de la ciudad con miles de runners acompa\u00f1ados por los miembros del cuerpo de Bombers de Barcelona. Es una de las carreras de 10 quil\u00f3metros m\u00e1s populares de la ciudad y el pr\u00f3ximo domingo 22 de octubre celebrar\u00e1 su 24a edici\u00f3n.<\/p>\n<p style=\"text-align: justify;\">Queremos ofrecer a nuestros runners una experiencia inolvidable de principio a fin y convertir la Cursa Bombers en la gran fiesta del running de Barcelona.<\/p>\n<p>[\/et_pb_text][\/et_pb_column][\/et_pb_row][et_pb_row _builder_version=\u00bb4.16&#8243; background_size=\u00bbinitial\u00bb background_position=\u00bbtop_left\u00bb background_repeat=\u00bbrepeat\u00bb global_colors_info=\u00bb{}\u00bb][et_pb_column type=\u00bb4_4&#8243; _builder_version=\u00bb4.16&#8243; custom_padding=\u00bb|||\u00bb global_colors_info=\u00bb{}\u00bb custom_padding__hover=\u00bb|||\u00bb][et_pb_gallery gallery_ids=\u00bb5122,5120,5118,5116&#8243; _builder_version=\u00bb4.16&#8243; use_border_color=\u00bboff\u00bb border_color=\u00bb#ffffff\u00bb border_style=\u00bbsolid\u00bb global_colors_info=\u00bb{}\u00bb][\/et_pb_gallery][\/et_pb_column][\/et_pb_row][\/et_pb_section]<\/p>\n","protected":false},"excerpt":{"rendered":"<p>Fecha 22 de octubre 2023 Hora\u00a09:00h\u00a0 Lugar Barcelona La Vueling Cursa Bombers Barcelona vuelve el 22 de octubre de 2023 La Cursa Bombers de Barcelona volver\u00e1 a llenar las calles de la ciudad con miles de runners acompa\u00f1ados por los miembros del cuerpo de Bombers de Barcelona. Es una de las carreras de 10 quil\u00f3metros [&hellip;]<\/p>\n","protected":false},"author":1,"featured_media":0,"parent":507,"menu_order":0,"comment_status":"closed","ping_status":"closed","template":"","meta":{"_et_pb_use_builder":"on","_et_pb_old_content":"","_et_gb_content_width":"","footnotes":""},"class_list":["post-508","page","type-page","status-publish","hentry"],"yoast_head":"<!-- This site is optimized with the Yoast SEO plugin v27.2 - https:\/\/yoast.com\/product\/yoast-seo-wordpress\/ -->\n<title>La cursa | Cursa Bombers de Barcelona | Domingo 22 de octubre 2023<\/title>\n<meta name=\"description\" content=\"Toda la informaci\u00f3n sobre la 24\u00aa edici\u00f3n de la Cursa Bombers de Barcelona que se celebrar\u00e1 el domingo 22 de octubre de 2023 por el centro de la ciudad.\" \/>\n<meta name=\"robots\" content=\"index, follow, max-snippet:-1, max-image-preview:large, max-video-preview:-1\" \/>\n<link rel=\"canonical\" href=\"https:\/\/cursadebombers.barcelona\/es\/la-cursa\/cursa-bombers\/\" \/>\n<meta property=\"og:locale\" content=\"es_ES\" \/>\n<meta property=\"og:type\" content=\"article\" \/>\n<meta property=\"og:title\" content=\"La cursa | Cursa Bombers de Barcelona | Domingo 22 de octubre 2023\" \/>\n<meta property=\"og:description\" content=\"Toda la informaci\u00f3n sobre la 24\u00aa edici\u00f3n de la Cursa Bombers de Barcelona que se celebrar\u00e1 el domingo 22 de octubre de 2023 por el centro de la ciudad.\" \/>\n<meta property=\"og:url\" content=\"https:\/\/cursadebombers.barcelona\/es\/la-cursa\/cursa-bombers\/\" \/>\n<meta property=\"og:site_name\" content=\"Cursa de Bombers\" \/>\n<meta property=\"article:publisher\" content=\"https:\/\/www.facebook.com\/CursadeBombers\/\" \/>\n<meta property=\"article:modified_time\" content=\"2023-10-16T10:05:37+00:00\" \/>\n<meta name=\"twitter:card\" content=\"summary_large_image\" \/>\n<meta name=\"twitter:site\" content=\"@cursadebombers\" \/>\n<meta name=\"twitter:label1\" content=\"Tiempo de lectura\" \/>\n\t<meta name=\"twitter:data1\" content=\"2 minutos\" \/>\n<script type=\"application\/ld+json\" class=\"yoast-schema-graph\">{\"@context\":\"https:\/\/schema.org\",\"@graph\":[{\"@type\":\"WebPage\",\"@id\":\"https:\/\/cursadebombers.barcelona\/es\/la-cursa\/cursa-bombers\/\",\"url\":\"https:\/\/cursadebombers.barcelona\/es\/la-cursa\/cursa-bombers\/\",\"name\":\"La cursa | Cursa Bombers de Barcelona | Domingo 22 de octubre 2023\",\"isPartOf\":{\"@id\":\"https:\/\/cursadebombers.barcelona\/#website\"},\"datePublished\":\"2016-07-12T09:21:59+00:00\",\"dateModified\":\"2023-10-16T10:05:37+00:00\",\"description\":\"Toda la informaci\u00f3n sobre la 24\u00aa edici\u00f3n de la Cursa Bombers de Barcelona que se celebrar\u00e1 el domingo 22 de octubre de 2023 por el centro de la ciudad.\",\"breadcrumb\":{\"@id\":\"https:\/\/cursadebombers.barcelona\/es\/la-cursa\/cursa-bombers\/#breadcrumb\"},\"inLanguage\":\"es\",\"potentialAction\":[{\"@type\":\"ReadAction\",\"target\":[\"https:\/\/cursadebombers.barcelona\/es\/la-cursa\/cursa-bombers\/\"]}]},{\"@type\":\"BreadcrumbList\",\"@id\":\"https:\/\/cursadebombers.barcelona\/es\/la-cursa\/cursa-bombers\/#breadcrumb\",\"itemListElement\":[{\"@type\":\"ListItem\",\"position\":1,\"name\":\"Inici\",\"item\":\"https:\/\/cursadebombers.barcelona\/\"},{\"@type\":\"ListItem\",\"position\":2,\"name\":\"La Cursa\",\"item\":\"https:\/\/cursadebombers.barcelona\/es\/la-cursa\/\"},{\"@type\":\"ListItem\",\"position\":3,\"name\":\"Cursa Bombers 2023\"}]},{\"@type\":\"WebSite\",\"@id\":\"https:\/\/cursadebombers.barcelona\/#website\",\"url\":\"https:\/\/cursadebombers.barcelona\/\",\"name\":\"Cursa de Bombers\",\"description\":\"La Cursa dels Bombers de Barcelona.\",\"publisher\":{\"@id\":\"https:\/\/cursadebombers.barcelona\/#organization\"},\"potentialAction\":[{\"@type\":\"SearchAction\",\"target\":{\"@type\":\"EntryPoint\",\"urlTemplate\":\"https:\/\/cursadebombers.barcelona\/?s={search_term_string}\"},\"query-input\":{\"@type\":\"PropertyValueSpecification\",\"valueRequired\":true,\"valueName\":\"search_term_string\"}}],\"inLanguage\":\"es\"},{\"@type\":\"Organization\",\"@id\":\"https:\/\/cursadebombers.barcelona\/#organization\",\"name\":\"Cursa de Bombers\",\"url\":\"https:\/\/cursadebombers.barcelona\/\",\"logo\":{\"@type\":\"ImageObject\",\"inLanguage\":\"es\",\"@id\":\"https:\/\/cursadebombers.barcelona\/#\/schema\/logo\/image\/\",\"url\":\"https:\/\/cursadebombers.barcelona\/wp-content\/uploads\/2025\/06\/logo-cursa-bombers-app.png\",\"contentUrl\":\"https:\/\/cursadebombers.barcelona\/wp-content\/uploads\/2025\/06\/logo-cursa-bombers-app.png\",\"width\":512,\"height\":512,\"caption\":\"Cursa de Bombers\"},\"image\":{\"@id\":\"https:\/\/cursadebombers.barcelona\/#\/schema\/logo\/image\/\"},\"sameAs\":[\"https:\/\/www.facebook.com\/CursadeBombers\/\",\"https:\/\/x.com\/cursadebombers\",\"https:\/\/www.instagram.com\/cursadebombers\/\"]}]}<\/script>\n<!-- \/ Yoast SEO plugin. -->","yoast_head_json":{"title":"La cursa | Cursa Bombers de Barcelona | Domingo 22 de octubre 2023","description":"Toda la informaci\u00f3n sobre la 24\u00aa edici\u00f3n de la Cursa Bombers de Barcelona que se celebrar\u00e1 el domingo 22 de octubre de 2023 por el centro de la ciudad.","robots":{"index":"index","follow":"follow","max-snippet":"max-snippet:-1","max-image-preview":"max-image-preview:large","max-video-preview":"max-video-preview:-1"},"canonical":"https:\/\/cursadebombers.barcelona\/es\/la-cursa\/cursa-bombers\/","og_locale":"es_ES","og_type":"article","og_title":"La cursa | Cursa Bombers de Barcelona | Domingo 22 de octubre 2023","og_description":"Toda la informaci\u00f3n sobre la 24\u00aa edici\u00f3n de la Cursa Bombers de Barcelona que se celebrar\u00e1 el domingo 22 de octubre de 2023 por el centro de la ciudad.","og_url":"https:\/\/cursadebombers.barcelona\/es\/la-cursa\/cursa-bombers\/","og_site_name":"Cursa de Bombers","article_publisher":"https:\/\/www.facebook.com\/CursadeBombers\/","article_modified_time":"2023-10-16T10:05:37+00:00","twitter_card":"summary_large_image","twitter_site":"@cursadebombers","twitter_misc":{"Tiempo de lectura":"2 minutos"},"schema":{"@context":"https:\/\/schema.org","@graph":[{"@type":"WebPage","@id":"https:\/\/cursadebombers.barcelona\/es\/la-cursa\/cursa-bombers\/","url":"https:\/\/cursadebombers.barcelona\/es\/la-cursa\/cursa-bombers\/","name":"La cursa | Cursa Bombers de Barcelona | Domingo 22 de octubre 2023","isPartOf":{"@id":"https:\/\/cursadebombers.barcelona\/#website"},"datePublished":"2016-07-12T09:21:59+00:00","dateModified":"2023-10-16T10:05:37+00:00","description":"Toda la informaci\u00f3n sobre la 24\u00aa edici\u00f3n de la Cursa Bombers de Barcelona que se celebrar\u00e1 el domingo 22 de octubre de 2023 por el centro de la ciudad.","breadcrumb":{"@id":"https:\/\/cursadebombers.barcelona\/es\/la-cursa\/cursa-bombers\/#breadcrumb"},"inLanguage":"es","potentialAction":[{"@type":"ReadAction","target":["https:\/\/cursadebombers.barcelona\/es\/la-cursa\/cursa-bombers\/"]}]},{"@type":"BreadcrumbList","@id":"https:\/\/cursadebombers.barcelona\/es\/la-cursa\/cursa-bombers\/#breadcrumb","itemListElement":[{"@type":"ListItem","position":1,"name":"Inici","item":"https:\/\/cursadebombers.barcelona\/"},{"@type":"ListItem","position":2,"name":"La Cursa","item":"https:\/\/cursadebombers.barcelona\/es\/la-cursa\/"},{"@type":"ListItem","position":3,"name":"Cursa Bombers 2023"}]},{"@type":"WebSite","@id":"https:\/\/cursadebombers.barcelona\/#website","url":"https:\/\/cursadebombers.barcelona\/","name":"Cursa de Bombers","description":"La Cursa dels Bombers de Barcelona.","publisher":{"@id":"https:\/\/cursadebombers.barcelona\/#organization"},"potentialAction":[{"@type":"SearchAction","target":{"@type":"EntryPoint","urlTemplate":"https:\/\/cursadebombers.barcelona\/?s={search_term_string}"},"query-input":{"@type":"PropertyValueSpecification","valueRequired":true,"valueName":"search_term_string"}}],"inLanguage":"es"},{"@type":"Organization","@id":"https:\/\/cursadebombers.barcelona\/#organization","name":"Cursa de Bombers","url":"https:\/\/cursadebombers.barcelona\/","logo":{"@type":"ImageObject","inLanguage":"es","@id":"https:\/\/cursadebombers.barcelona\/#\/schema\/logo\/image\/","url":"https:\/\/cursadebombers.barcelona\/wp-content\/uploads\/2025\/06\/logo-cursa-bombers-app.png","contentUrl":"https:\/\/cursadebombers.barcelona\/wp-content\/uploads\/2025\/06\/logo-cursa-bombers-app.png","width":512,"height":512,"caption":"Cursa de Bombers"},"image":{"@id":"https:\/\/cursadebombers.barcelona\/#\/schema\/logo\/image\/"},"sameAs":["https:\/\/www.facebook.com\/CursadeBombers\/","https:\/\/x.com\/cursadebombers","https:\/\/www.instagram.com\/cursadebombers\/"]}]}},"_links":{"self":[{"href":"https:\/\/cursadebombers.barcelona\/es\/wp-json\/wp\/v2\/pages\/508","targetHints":{"allow":["GET"]}}],"collection":[{"href":"https:\/\/cursadebombers.barcelona\/es\/wp-json\/wp\/v2\/pages"}],"about":[{"href":"https:\/\/cursadebombers.barcelona\/es\/wp-json\/wp\/v2\/types\/page"}],"author":[{"embeddable":true,"href":"https:\/\/cursadebombers.barcelona\/es\/wp-json\/wp\/v2\/users\/1"}],"replies":[{"embeddable":true,"href":"https:\/\/cursadebombers.barcelona\/es\/wp-json\/wp\/v2\/comments?post=508"}],"version-history":[{"count":5,"href":"https:\/\/cursadebombers.barcelona\/es\/wp-json\/wp\/v2\/pages\/508\/revisions"}],"predecessor-version":[{"id":8994,"href":"https:\/\/cursadebombers.barcelona\/es\/wp-json\/wp\/v2\/pages\/508\/revisions\/8994"}],"up":[{"embeddable":true,"href":"https:\/\/cursadebombers.barcelona\/es\/wp-json\/wp\/v2\/pages\/507"}],"wp:attachment":[{"href":"https:\/\/cursadebombers.barcelona\/es\/wp-json\/wp\/v2\/media?parent=508"}],"curies":[{"name":"wp","href":"https:\/\/api.w.org\/{rel}","templated":true}]}}