{"id":4053,"date":"2020-02-25T16:51:27","date_gmt":"2020-02-25T16:51:27","guid":{"rendered":"http:\/\/cursadebombers.barcelona\/?page_id=4053"},"modified":"2026-01-13T10:10:29","modified_gmt":"2026-01-13T10:10:29","slug":"voluntaris-2000","status":"publish","type":"page","link":"https:\/\/cursadebombers.barcelona\/es\/voluntaris-2000\/","title":{"rendered":"Voluntariado"},"content":{"rendered":"<p>[et_pb_section fb_built=\u00bb1&#8243; fullwidth=\u00bbon\u00bb _builder_version=\u00bb4.23.1&#8243; background_color=\u00bb#ffffff\u00bb background_image=\u00bbhttps:\/\/cursadebombers.barcelona\/wp-content\/uploads\/2024\/04\/FONDO_1712x250px.jpg\u00bb global_colors_info=\u00bb{}\u00bb][et_pb_fullwidth_header title=\u00bbVOLUNTARIADO\u00bb text_orientation=\u00bbcenter\u00bb _builder_version=\u00bb4.23.1&#8243; background_color=\u00bbrgba(255, 255, 255, 0)\u00bb max_width_tablet=\u00bb50px\u00bb global_colors_info=\u00bb{}\u00bb button_one_text_size__hover_enabled=\u00bboff\u00bb button_one_text_size__hover=\u00bbnull\u00bb button_two_text_size__hover_enabled=\u00bboff\u00bb button_two_text_size__hover=\u00bbnull\u00bb button_one_text_color__hover_enabled=\u00bboff\u00bb button_one_text_color__hover=\u00bbnull\u00bb button_two_text_color__hover_enabled=\u00bboff\u00bb button_two_text_color__hover=\u00bbnull\u00bb button_one_border_width__hover_enabled=\u00bboff\u00bb button_one_border_width__hover=\u00bbnull\u00bb button_two_border_width__hover_enabled=\u00bboff\u00bb button_two_border_width__hover=\u00bbnull\u00bb button_one_border_color__hover_enabled=\u00bboff\u00bb button_one_border_color__hover=\u00bbnull\u00bb button_two_border_color__hover_enabled=\u00bboff\u00bb button_two_border_color__hover=\u00bbnull\u00bb button_one_border_radius__hover_enabled=\u00bboff\u00bb button_one_border_radius__hover=\u00bbnull\u00bb button_two_border_radius__hover_enabled=\u00bboff\u00bb button_two_border_radius__hover=\u00bbnull\u00bb button_one_letter_spacing__hover_enabled=\u00bboff\u00bb button_one_letter_spacing__hover=\u00bbnull\u00bb button_two_letter_spacing__hover_enabled=\u00bboff\u00bb button_two_letter_spacing__hover=\u00bbnull\u00bb button_one_bg_color__hover_enabled=\u00bboff\u00bb button_one_bg_color__hover=\u00bbnull\u00bb button_two_bg_color__hover_enabled=\u00bboff\u00bb button_two_bg_color__hover=\u00bbnull\u00bb][\/et_pb_fullwidth_header][\/et_pb_section][et_pb_section fb_built=\u00bb1&#8243; custom_padding_last_edited=\u00bbon|desktop\u00bb _builder_version=\u00bb4.16&#8243; background_color=\u00bb#ffffff\u00bb custom_padding=\u00bb5px||5px|\u00bb custom_padding_tablet=\u00bb50px|0|50px|0&#8243; custom_padding_phone=\u00bb\u00bb transparent_background=\u00bboff\u00bb padding_mobile=\u00bboff\u00bb make_fullwidth=\u00bboff\u00bb use_custom_width=\u00bboff\u00bb width_unit=\u00bbon\u00bb global_colors_info=\u00bb{}\u00bb][et_pb_row _builder_version=\u00bb4.16&#8243; background_size=\u00bbinitial\u00bb background_position=\u00bbtop_left\u00bb background_repeat=\u00bbrepeat\u00bb global_colors_info=\u00bb{}\u00bb][et_pb_column type=\u00bb4_4&#8243; _builder_version=\u00bb4.16&#8243; custom_padding=\u00bb|||\u00bb hover_enabled=\u00bb0&#8243; global_colors_info=\u00bb{}\u00bb custom_padding__hover=\u00bb|||\u00bb sticky_enabled=\u00bb0&#8243;][et_pb_text _builder_version=\u00bb4.27.0&#8243; background_size=\u00bbinitial\u00bb background_position=\u00bbtop_left\u00bb background_repeat=\u00bbrepeat\u00bb use_border_color=\u00bboff\u00bb global_colors_info=\u00bb{}\u00bb]<\/p>\n<p data-start=\"655\" data-end=\"856\">El papel de los voluntarios y voluntarias es clave en la <strong data-start=\"730\" data-end=\"765\">Vueling Cursa Bombers Barcelona<\/strong>, fundamental para el buen desarrollo de la prueba y para garantizar el \u00e9xito del evento.<\/p>\n<p data-start=\"858\" data-end=\"968\">Los voluntarios aportan un valor a\u00f1adido con su atenci\u00f3n, tanto a los corredores populares como a los \u00e9lite:<\/p>\n<p data-start=\"858\" data-end=\"968\">\n<ul data-start=\"970\" data-end=\"1234\">\n<li data-start=\"970\" data-end=\"1034\">\n<p data-start=\"972\" data-end=\"1034\">Gesti\u00f3n de la entrega de dorsales, chips y camiseta oficial.<\/p>\n<\/li>\n<li data-start=\"1035\" data-end=\"1135\">\n<p data-start=\"1037\" data-end=\"1135\">Control de los cajones de salida y del dispositivo de llegada en la avenida Marqu\u00e8s d\u2019Argentera.<\/p>\n<\/li>\n<li data-start=\"1136\" data-end=\"1217\">\n<p data-start=\"1138\" data-end=\"1217\">Avituallamientos de agua y bebidas isot\u00f3nicas en el kil\u00f3metro 5 y en la meta.<\/p>\n<\/li>\n<li data-start=\"1218\" data-end=\"1234\">\n<p data-start=\"1220\" data-end=\"1234\">Guardarropa.<\/p>\n<\/li>\n<\/ul>\n<ul><\/ul>\n<p>[\/et_pb_text][et_pb_button button_url=\u00bbhttp:\/\/www.voluntaris2000.org\/esdeveniment\/25-edicio-vueling-cursa-de-bombers-2024\/\u00bb url_new_window=\u00bbon\u00bb button_text=\u00bb\u00a1An\u00edmate a participar!\u00bb button_alignment=\u00bbcenter\u00bb _builder_version=\u00bb4.27.0&#8243; _module_preset=\u00bbdefault\u00bb global_colors_info=\u00bb{}\u00bb disabled_on=\u00bbon|on|on\u00bb disabled=\u00bbon\u00bb][\/et_pb_button][et_pb_gallery gallery_ids=\u00bb10687,10700,10697,9921,10720,9918,10726,10723,10703,9915,4084,4076,4080,4078,4064&#8243; gallery_orderby=\u00bbrand\u00bb show_title_and_caption=\u00bboff\u00bb _builder_version=\u00bb4.27.4&#8243; hover_enabled=\u00bb0&#8243; global_colors_info=\u00bb{}\u00bb sticky_enabled=\u00bb0&#8243;][\/et_pb_gallery][et_pb_image src=\u00bbhttps:\/\/cursadebombers.barcelona\/wp-content\/uploads\/2024\/04\/Logo-Voluntaris-2000-Gran.png\u00bb title_text=\u00bbLogo Voluntaris 2000 Gran\u00bb url=\u00bbhttp:\/\/www.voluntaris2000.org\/esdeveniment\/25-edicio-vueling-cursa-de-bombers-2024\/\u00bb url_new_window=\u00bbon\u00bb align=\u00bbcenter\u00bb _builder_version=\u00bb4.23.1&#8243; _module_preset=\u00bbdefault\u00bb width=\u00bb25%\u00bb max_width=\u00bb25%\u00bb global_colors_info=\u00bb{}\u00bb][\/et_pb_image][\/et_pb_column][\/et_pb_row][\/et_pb_section]<\/p>\n","protected":false},"excerpt":{"rendered":"<p>El papel de los voluntarios y voluntarias es clave en la Vueling Cursa Bombers Barcelona, fundamental para el buen desarrollo de la prueba y para garantizar el \u00e9xito del evento. Los voluntarios aportan un valor a\u00f1adido con su atenci\u00f3n, tanto a los corredores populares como a los \u00e9lite: Gesti\u00f3n de la entrega de dorsales, chips [&hellip;]<\/p>\n","protected":false},"author":1,"featured_media":0,"parent":0,"menu_order":0,"comment_status":"closed","ping_status":"closed","template":"","meta":{"_et_pb_use_builder":"on","_et_pb_old_content":"","_et_gb_content_width":"","footnotes":""},"class_list":["post-4053","page","type-page","status-publish","hentry"],"yoast_head":"<!-- This site is optimized with the Yoast SEO plugin v27.2 - https:\/\/yoast.com\/product\/yoast-seo-wordpress\/ -->\n<title>Voluntariado - Cursa de Bombers<\/title>\n<meta name=\"description\" content=\"Voluntaris 2000 \u00e9s una entitat sense \u00e0nim de lucre que va n\u00e9ixer el juliol de l\u2019any 1992 amb el desig que perdur\u00e9s el moviment del voluntariat que va...\" \/>\n<meta name=\"robots\" content=\"index, follow, max-snippet:-1, max-image-preview:large, max-video-preview:-1\" \/>\n<link rel=\"canonical\" href=\"https:\/\/cursadebombers.barcelona\/es\/voluntaris-2000\/\" \/>\n<meta property=\"og:locale\" content=\"es_ES\" \/>\n<meta property=\"og:type\" content=\"article\" \/>\n<meta property=\"og:title\" content=\"Voluntariado - Cursa de Bombers\" \/>\n<meta property=\"og:description\" content=\"Voluntaris 2000 \u00e9s una entitat sense \u00e0nim de lucre que va n\u00e9ixer el juliol de l\u2019any 1992 amb el desig que perdur\u00e9s el moviment del voluntariat que va...\" \/>\n<meta property=\"og:url\" content=\"https:\/\/cursadebombers.barcelona\/es\/voluntaris-2000\/\" \/>\n<meta property=\"og:site_name\" content=\"Cursa de Bombers\" \/>\n<meta property=\"article:publisher\" content=\"https:\/\/www.facebook.com\/CursadeBombers\/\" \/>\n<meta property=\"article:modified_time\" content=\"2026-01-13T10:10:29+00:00\" \/>\n<meta name=\"twitter:card\" content=\"summary_large_image\" \/>\n<meta name=\"twitter:site\" content=\"@cursadebombers\" \/>\n<meta name=\"twitter:label1\" content=\"Tiempo de lectura\" \/>\n\t<meta name=\"twitter:data1\" content=\"5 minutos\" \/>\n<script type=\"application\/ld+json\" class=\"yoast-schema-graph\">{\"@context\":\"https:\/\/schema.org\",\"@graph\":[{\"@type\":\"WebPage\",\"@id\":\"https:\/\/cursadebombers.barcelona\/es\/voluntaris-2000\/\",\"url\":\"https:\/\/cursadebombers.barcelona\/es\/voluntaris-2000\/\",\"name\":\"Voluntariado - Cursa de Bombers\",\"isPartOf\":{\"@id\":\"https:\/\/cursadebombers.barcelona\/#website\"},\"datePublished\":\"2020-02-25T16:51:27+00:00\",\"dateModified\":\"2026-01-13T10:10:29+00:00\",\"description\":\"Voluntaris 2000 \u00e9s una entitat sense \u00e0nim de lucre que va n\u00e9ixer el juliol de l\u2019any 1992 amb el desig que perdur\u00e9s el moviment del voluntariat que va...\",\"breadcrumb\":{\"@id\":\"https:\/\/cursadebombers.barcelona\/es\/voluntaris-2000\/#breadcrumb\"},\"inLanguage\":\"es\",\"potentialAction\":[{\"@type\":\"ReadAction\",\"target\":[\"https:\/\/cursadebombers.barcelona\/es\/voluntaris-2000\/\"]}]},{\"@type\":\"BreadcrumbList\",\"@id\":\"https:\/\/cursadebombers.barcelona\/es\/voluntaris-2000\/#breadcrumb\",\"itemListElement\":[{\"@type\":\"ListItem\",\"position\":1,\"name\":\"Inici\",\"item\":\"https:\/\/cursadebombers.barcelona\/\"},{\"@type\":\"ListItem\",\"position\":2,\"name\":\"Voluntariado\"}]},{\"@type\":\"WebSite\",\"@id\":\"https:\/\/cursadebombers.barcelona\/#website\",\"url\":\"https:\/\/cursadebombers.barcelona\/\",\"name\":\"Cursa de Bombers\",\"description\":\"La Cursa dels Bombers de Barcelona.\",\"publisher\":{\"@id\":\"https:\/\/cursadebombers.barcelona\/#organization\"},\"potentialAction\":[{\"@type\":\"SearchAction\",\"target\":{\"@type\":\"EntryPoint\",\"urlTemplate\":\"https:\/\/cursadebombers.barcelona\/?s={search_term_string}\"},\"query-input\":{\"@type\":\"PropertyValueSpecification\",\"valueRequired\":true,\"valueName\":\"search_term_string\"}}],\"inLanguage\":\"es\"},{\"@type\":\"Organization\",\"@id\":\"https:\/\/cursadebombers.barcelona\/#organization\",\"name\":\"Cursa de Bombers\",\"url\":\"https:\/\/cursadebombers.barcelona\/\",\"logo\":{\"@type\":\"ImageObject\",\"inLanguage\":\"es\",\"@id\":\"https:\/\/cursadebombers.barcelona\/#\/schema\/logo\/image\/\",\"url\":\"https:\/\/cursadebombers.barcelona\/wp-content\/uploads\/2025\/06\/logo-cursa-bombers-app.png\",\"contentUrl\":\"https:\/\/cursadebombers.barcelona\/wp-content\/uploads\/2025\/06\/logo-cursa-bombers-app.png\",\"width\":512,\"height\":512,\"caption\":\"Cursa de Bombers\"},\"image\":{\"@id\":\"https:\/\/cursadebombers.barcelona\/#\/schema\/logo\/image\/\"},\"sameAs\":[\"https:\/\/www.facebook.com\/CursadeBombers\/\",\"https:\/\/x.com\/cursadebombers\",\"https:\/\/www.instagram.com\/cursadebombers\/\"]}]}<\/script>\n<!-- \/ Yoast SEO plugin. -->","yoast_head_json":{"title":"Voluntariado - Cursa de Bombers","description":"Voluntaris 2000 \u00e9s una entitat sense \u00e0nim de lucre que va n\u00e9ixer el juliol de l\u2019any 1992 amb el desig que perdur\u00e9s el moviment del voluntariat que va...","robots":{"index":"index","follow":"follow","max-snippet":"max-snippet:-1","max-image-preview":"max-image-preview:large","max-video-preview":"max-video-preview:-1"},"canonical":"https:\/\/cursadebombers.barcelona\/es\/voluntaris-2000\/","og_locale":"es_ES","og_type":"article","og_title":"Voluntariado - Cursa de Bombers","og_description":"Voluntaris 2000 \u00e9s una entitat sense \u00e0nim de lucre que va n\u00e9ixer el juliol de l\u2019any 1992 amb el desig que perdur\u00e9s el moviment del voluntariat que va...","og_url":"https:\/\/cursadebombers.barcelona\/es\/voluntaris-2000\/","og_site_name":"Cursa de Bombers","article_publisher":"https:\/\/www.facebook.com\/CursadeBombers\/","article_modified_time":"2026-01-13T10:10:29+00:00","twitter_card":"summary_large_image","twitter_site":"@cursadebombers","twitter_misc":{"Tiempo de lectura":"5 minutos"},"schema":{"@context":"https:\/\/schema.org","@graph":[{"@type":"WebPage","@id":"https:\/\/cursadebombers.barcelona\/es\/voluntaris-2000\/","url":"https:\/\/cursadebombers.barcelona\/es\/voluntaris-2000\/","name":"Voluntariado - Cursa de Bombers","isPartOf":{"@id":"https:\/\/cursadebombers.barcelona\/#website"},"datePublished":"2020-02-25T16:51:27+00:00","dateModified":"2026-01-13T10:10:29+00:00","description":"Voluntaris 2000 \u00e9s una entitat sense \u00e0nim de lucre que va n\u00e9ixer el juliol de l\u2019any 1992 amb el desig que perdur\u00e9s el moviment del voluntariat que va...","breadcrumb":{"@id":"https:\/\/cursadebombers.barcelona\/es\/voluntaris-2000\/#breadcrumb"},"inLanguage":"es","potentialAction":[{"@type":"ReadAction","target":["https:\/\/cursadebombers.barcelona\/es\/voluntaris-2000\/"]}]},{"@type":"BreadcrumbList","@id":"https:\/\/cursadebombers.barcelona\/es\/voluntaris-2000\/#breadcrumb","itemListElement":[{"@type":"ListItem","position":1,"name":"Inici","item":"https:\/\/cursadebombers.barcelona\/"},{"@type":"ListItem","position":2,"name":"Voluntariado"}]},{"@type":"WebSite","@id":"https:\/\/cursadebombers.barcelona\/#website","url":"https:\/\/cursadebombers.barcelona\/","name":"Cursa de Bombers","description":"La Cursa dels Bombers de Barcelona.","publisher":{"@id":"https:\/\/cursadebombers.barcelona\/#organization"},"potentialAction":[{"@type":"SearchAction","target":{"@type":"EntryPoint","urlTemplate":"https:\/\/cursadebombers.barcelona\/?s={search_term_string}"},"query-input":{"@type":"PropertyValueSpecification","valueRequired":true,"valueName":"search_term_string"}}],"inLanguage":"es"},{"@type":"Organization","@id":"https:\/\/cursadebombers.barcelona\/#organization","name":"Cursa de Bombers","url":"https:\/\/cursadebombers.barcelona\/","logo":{"@type":"ImageObject","inLanguage":"es","@id":"https:\/\/cursadebombers.barcelona\/#\/schema\/logo\/image\/","url":"https:\/\/cursadebombers.barcelona\/wp-content\/uploads\/2025\/06\/logo-cursa-bombers-app.png","contentUrl":"https:\/\/cursadebombers.barcelona\/wp-content\/uploads\/2025\/06\/logo-cursa-bombers-app.png","width":512,"height":512,"caption":"Cursa de Bombers"},"image":{"@id":"https:\/\/cursadebombers.barcelona\/#\/schema\/logo\/image\/"},"sameAs":["https:\/\/www.facebook.com\/CursadeBombers\/","https:\/\/x.com\/cursadebombers","https:\/\/www.instagram.com\/cursadebombers\/"]}]}},"_links":{"self":[{"href":"https:\/\/cursadebombers.barcelona\/es\/wp-json\/wp\/v2\/pages\/4053","targetHints":{"allow":["GET"]}}],"collection":[{"href":"https:\/\/cursadebombers.barcelona\/es\/wp-json\/wp\/v2\/pages"}],"about":[{"href":"https:\/\/cursadebombers.barcelona\/es\/wp-json\/wp\/v2\/types\/page"}],"author":[{"embeddable":true,"href":"https:\/\/cursadebombers.barcelona\/es\/wp-json\/wp\/v2\/users\/1"}],"replies":[{"embeddable":true,"href":"https:\/\/cursadebombers.barcelona\/es\/wp-json\/wp\/v2\/comments?post=4053"}],"version-history":[{"count":7,"href":"https:\/\/cursadebombers.barcelona\/es\/wp-json\/wp\/v2\/pages\/4053\/revisions"}],"predecessor-version":[{"id":16233,"href":"https:\/\/cursadebombers.barcelona\/es\/wp-json\/wp\/v2\/pages\/4053\/revisions\/16233"}],"wp:attachment":[{"href":"https:\/\/cursadebombers.barcelona\/es\/wp-json\/wp\/v2\/media?parent=4053"}],"curies":[{"name":"wp","href":"https:\/\/api.w.org\/{rel}","templated":true}]}}