{"id":2113,"date":"2018-12-04T12:55:51","date_gmt":"2018-12-04T12:55:51","guid":{"rendered":"http:\/\/cursadebombers.barcelona\/?page_id=2113"},"modified":"2019-12-02T17:48:23","modified_gmt":"2019-12-02T17:48:23","slug":"cursa-bombers-barcelona-2019-2","status":"publish","type":"page","link":"https:\/\/cursadebombers.barcelona\/es\/cursa-bombers-barcelona-2019-2\/","title":{"rendered":"Home Cursa Bombers 2019"},"content":{"rendered":"<p>[et_pb_section fb_built=\u00bb1&#8243; fullwidth=\u00bbon\u00bb disabled_on=\u00bboff||\u00bb _builder_version=\u00bb3.22&#8243;][et_pb_fullwidth_image src=\u00bbhttp:\/\/cursadebombers.barcelona\/wp-content\/uploads\/2019\/10\/Header-Cursa-bombers-1.jpg\u00bb disabled_on=\u00bbon||\u00bb admin_label=\u00bbHeader sortida desk\u00bb _builder_version=\u00bb3.29.2&#8243;][\/et_pb_fullwidth_image][et_pb_fullwidth_image src=\u00bbhttp:\/\/cursadebombers.barcelona\/wp-content\/uploads\/2019\/10\/Header-Cursa-bombers_mobil.jpg\u00bb disabled_on=\u00bboff|on|on\u00bb admin_label=\u00bbHeader sortida mobile\u00bb _builder_version=\u00bb3.29.2&#8243;][\/et_pb_fullwidth_image][\/et_pb_section][et_pb_section fb_built=\u00bb1&#8243; _builder_version=\u00bb4.0.6&#8243; custom_margin=\u00bb0px||0px||false|false\u00bb custom_padding=\u00bb0px||0px||false|false\u00bb][et_pb_row _builder_version=\u00bb4.0.6&#8243; custom_margin=\u00bb0px||0px||false|false\u00bb custom_padding=\u00bb0px||0px||false|false\u00bb][et_pb_column type=\u00bb4_4&#8243; _builder_version=\u00bb4.0.6&#8243;][\/et_pb_column][\/et_pb_row][\/et_pb_section][et_pb_section fb_built=\u00bb1&#8243; disabled_on=\u00bboff|off|off\u00bb _builder_version=\u00bb4.0.6&#8243; background_enable_color=\u00bboff\u00bb custom_padding=\u00bb9px||7px|||\u00bb locked=\u00bboff\u00bb][et_pb_row column_structure=\u00bb1_2,1_2&#8243; _builder_version=\u00bb4.0.6&#8243; custom_margin=\u00bb|auto|22px|auto||\u00bb][et_pb_column type=\u00bb1_2&#8243; _builder_version=\u00bb4.0.6&#8243; background_image=\u00bbhttp:\/\/cursadebombers.barcelona\/wp-content\/uploads\/2019\/12\/RESULATS-WEB.jpg\u00bb][et_pb_text _builder_version=\u00bb4.0.6&#8243; header_3_text_align=\u00bbcenter\u00bb header_3_text_color=\u00bb#FFFFFF\u00bb header_3_font_size=\u00bb40px\u00bb background_color=\u00bbrgba(0,0,0,0.48)\u00bb custom_margin=\u00bb||200px||false|false\u00bb custom_padding=\u00bb20px||20px||false|false\u00bb header_3_font_size_tablet=\u00bb\u00bb header_3_font_size_phone=\u00bb30px\u00bb header_3_font_size_last_edited=\u00bbon|desktop\u00bb]<\/p>\n<h3>Resultados Cursa 2019<\/h3>\n<p>[\/et_pb_text][et_pb_button button_url=\u00bbhttps:\/\/xipgroc.cat\/ca\/curses\/Bombers2019\/10k\/resultats\u00bb url_new_window=\u00bbon\u00bb button_text=\u00bbVeure Resultats\u00bb button_alignment=\u00bbcenter\u00bb admin_label=\u00bbButton &#8211; veure resultats\u00bb _builder_version=\u00bb4.0.6&#8243; custom_button=\u00bbon\u00bb button_bg_color=\u00bbrgba(255,255,255,0.63)\u00bb button_font=\u00bb|||on|||||\u00bb custom_margin=\u00bb||50px||false|false\u00bb custom_margin_tablet=\u00bb\u00bb custom_margin_phone=\u00bb\u00bb custom_margin_last_edited=\u00bbon|phone\u00bb custom_padding=\u00bb||||false|false\u00bb][\/et_pb_button][\/et_pb_column][et_pb_column type=\u00bb1_2&#8243; _builder_version=\u00bb4.0.6&#8243; background_image=\u00bbhttp:\/\/cursadebombers.barcelona\/wp-content\/uploads\/2019\/11\/web-home-fotos2019.jpg\u00bb][et_pb_text _builder_version=\u00bb4.0.6&#8243; header_3_text_align=\u00bbcenter\u00bb header_3_text_color=\u00bb#FFFFFF\u00bb header_3_font_size=\u00bb40px\u00bb background_color=\u00bbrgba(0,0,0,0.48)\u00bb custom_margin=\u00bb||200px||false|false\u00bb custom_padding=\u00bb20px||20px||false|false\u00bb hover_enabled=\u00bb0&#8243; header_3_font_size_tablet=\u00bb\u00bb header_3_font_size_phone=\u00bb30px\u00bb header_3_font_size_last_edited=\u00bbon|phone\u00bb]<\/p>\n<h3>Fotos Cursa 2019<\/h3>\n<p>[\/et_pb_text][et_pb_button url_new_window=\u00bbon\u00bb button_text=\u00bbVeure Fotos\u00bb button_alignment=\u00bbcenter\u00bb admin_label=\u00bbButton &#8211; veure fotos\u00bb _builder_version=\u00bb4.0.6&#8243; custom_button=\u00bbon\u00bb button_bg_color=\u00bbrgba(255,255,255,0.63)\u00bb button_font=\u00bb|||on|||||\u00bb custom_margin=\u00bb||50px||false|false\u00bb custom_padding=\u00bb||||false|false\u00bb hover_enabled=\u00bb0&#8243; button_url=\u00bbhttps:\/\/www.flickr.com\/photos\/144624915@N06\/albums\/72157712033232008&#8243;][\/et_pb_button][\/et_pb_column][\/et_pb_row][\/et_pb_section][et_pb_section fb_built=\u00bb1&#8243; disabled_on=\u00bbon|on|on\u00bb _builder_version=\u00bb3.22&#8243; background_color=\u00bb#ffffff\u00bb disabled=\u00bbon\u00bb][et_pb_row _builder_version=\u00bb3.25&#8243;][et_pb_column type=\u00bb4_4&#8243; _builder_version=\u00bb3.0.47&#8243; custom_padding=\u00bb|||\u00bb custom_padding__hover=\u00bb|||\u00bb][et_pb_button button_url=\u00bbhttps:\/\/xipgroc.cat\/es\/curses\/Bombers2019\/10k\/inscripcio\/run\u00bb url_new_window=\u00bbon\u00bb button_text=\u00bb\u00a1INSCRIBIRME!\u00bb button_alignment=\u00bbcenter\u00bb _builder_version=\u00bb3.17.6&#8243;][\/et_pb_button][\/et_pb_column][\/et_pb_row][\/et_pb_section][et_pb_section fb_built=\u00bb1&#8243; _builder_version=\u00bb3.22&#8243; custom_margin=\u00bb-100px|||\u00bb][et_pb_row _builder_version=\u00bb3.25&#8243; background_size=\u00bbinitial\u00bb background_position=\u00bbtop_left\u00bb background_repeat=\u00bbrepeat\u00bb][et_pb_column type=\u00bb4_4&#8243; _builder_version=\u00bb3.0.47&#8243; custom_padding=\u00bb|||\u00bb custom_padding__hover=\u00bb|||\u00bb][et_pb_text _builder_version=\u00bb3.27.4&#8243; width=\u00bb80%\u00bb max_width=\u00bb1080px\u00bb]<\/p>\n<h3 style=\"text-align: center;\"><strong>\u00daLTIMAS NOTICIAS<\/strong><\/h3>\n<p>[\/et_pb_text][et_pb_blog fullwidth=\u00bboff\u00bb posts_number=\u00bb3&#8243; include_categories=\u00bb2&#8243; show_more=\u00bbon\u00bb show_author=\u00bboff\u00bb show_categories=\u00bboff\u00bb show_pagination=\u00bboff\u00bb _builder_version=\u00bb3.17.6&#8243;][\/et_pb_blog][\/et_pb_column][\/et_pb_row][\/et_pb_section][et_pb_section fb_built=\u00bb1&#8243; _builder_version=\u00bb3.22&#8243;][et_pb_row _builder_version=\u00bb3.25&#8243; background_size=\u00bbinitial\u00bb background_position=\u00bbtop_left\u00bb background_repeat=\u00bbrepeat\u00bb][et_pb_column type=\u00bb4_4&#8243; _builder_version=\u00bb3.0.47&#8243; custom_padding=\u00bb|||\u00bb custom_padding__hover=\u00bb|||\u00bb][et_pb_image src=\u00bbhttp:\/\/cursadebombers.barcelona\/wp-content\/uploads\/2019\/09\/banner-sponsors.jpg\u00bb url=\u00bbhttp:\/\/cursadebombers.barcelona\/es\/patrocinadores\/\u00bb align_tablet=\u00bbcenter\u00bb align_phone=\u00bb\u00bb align_last_edited=\u00bbon|desktop\u00bb admin_label=\u00bbImage &#8211; patros\u00bb _builder_version=\u00bb3.27.4&#8243; z_index_tablet=\u00bb500&#8243; box_shadow_horizontal_tablet=\u00bb0px\u00bb box_shadow_vertical_tablet=\u00bb0px\u00bb box_shadow_blur_tablet=\u00bb40px\u00bb box_shadow_spread_tablet=\u00bb0px\u00bb][\/et_pb_image][\/et_pb_column][\/et_pb_row][\/et_pb_section]<\/p>\n","protected":false},"excerpt":{"rendered":"<p>Resultados Cursa 2019Fotos Cursa 2019 \u00daLTIMAS NOTICIAS<\/p>\n","protected":false},"author":1,"featured_media":0,"parent":0,"menu_order":0,"comment_status":"closed","ping_status":"closed","template":"","meta":{"_et_pb_use_builder":"on","_et_pb_old_content":"","_et_gb_content_width":"","footnotes":""},"class_list":["post-2113","page","type-page","status-publish","hentry"],"yoast_head":"<!-- This site is optimized with the Yoast SEO plugin v27.2 - https:\/\/yoast.com\/product\/yoast-seo-wordpress\/ -->\n<title>Cursa de Bombers de Barcelona. 1 diciembre 2019.<\/title>\n<meta name=\"description\" content=\"La Cursa de Bombers de Barcelona vuelve el 1 de diciembre 2019. La prueba de 10 km m\u00e1s popular de Barcelona empezar\u00e1 a las 9h de la ma\u00f1ana.\" \/>\n<meta name=\"robots\" content=\"index, follow, max-snippet:-1, max-image-preview:large, max-video-preview:-1\" \/>\n<link rel=\"canonical\" href=\"https:\/\/cursadebombers.barcelona\/es\/cursa-bombers-barcelona-2019-2\/\" \/>\n<meta property=\"og:locale\" content=\"es_ES\" \/>\n<meta property=\"og:type\" content=\"article\" \/>\n<meta property=\"og:title\" content=\"Cursa de Bombers de Barcelona. 1 diciembre 2019.\" \/>\n<meta property=\"og:description\" content=\"La Cursa de Bombers de Barcelona vuelve el 1 de diciembre 2019. La prueba de 10 km m\u00e1s popular de Barcelona empezar\u00e1 a las 9h de la ma\u00f1ana.\" \/>\n<meta property=\"og:url\" content=\"https:\/\/cursadebombers.barcelona\/es\/cursa-bombers-barcelona-2019-2\/\" \/>\n<meta property=\"og:site_name\" content=\"Cursa de Bombers\" \/>\n<meta property=\"article:publisher\" content=\"https:\/\/www.facebook.com\/CursadeBombers\/\" \/>\n<meta property=\"article:modified_time\" content=\"2019-12-02T17:48:23+00:00\" \/>\n<meta name=\"twitter:card\" content=\"summary_large_image\" \/>\n<meta name=\"twitter:site\" content=\"@cursadebombers\" \/>\n<meta name=\"twitter:label1\" content=\"Tiempo de lectura\" \/>\n\t<meta name=\"twitter:data1\" content=\"3 minutos\" \/>\n<script type=\"application\/ld+json\" class=\"yoast-schema-graph\">{\"@context\":\"https:\/\/schema.org\",\"@graph\":[{\"@type\":\"WebPage\",\"@id\":\"https:\/\/cursadebombers.barcelona\/es\/cursa-bombers-barcelona-2019-2\/\",\"url\":\"https:\/\/cursadebombers.barcelona\/es\/cursa-bombers-barcelona-2019-2\/\",\"name\":\"Cursa de Bombers de Barcelona. 1 diciembre 2019.\",\"isPartOf\":{\"@id\":\"https:\/\/cursadebombers.barcelona\/#website\"},\"datePublished\":\"2018-12-04T12:55:51+00:00\",\"dateModified\":\"2019-12-02T17:48:23+00:00\",\"description\":\"La Cursa de Bombers de Barcelona vuelve el 1 de diciembre 2019. La prueba de 10 km m\u00e1s popular de Barcelona empezar\u00e1 a las 9h de la ma\u00f1ana.\",\"breadcrumb\":{\"@id\":\"https:\/\/cursadebombers.barcelona\/es\/cursa-bombers-barcelona-2019-2\/#breadcrumb\"},\"inLanguage\":\"es\",\"potentialAction\":[{\"@type\":\"ReadAction\",\"target\":[\"https:\/\/cursadebombers.barcelona\/es\/cursa-bombers-barcelona-2019-2\/\"]}]},{\"@type\":\"BreadcrumbList\",\"@id\":\"https:\/\/cursadebombers.barcelona\/es\/cursa-bombers-barcelona-2019-2\/#breadcrumb\",\"itemListElement\":[{\"@type\":\"ListItem\",\"position\":1,\"name\":\"Inici\",\"item\":\"https:\/\/cursadebombers.barcelona\/\"},{\"@type\":\"ListItem\",\"position\":2,\"name\":\"Home Cursa Bombers 2019\"}]},{\"@type\":\"WebSite\",\"@id\":\"https:\/\/cursadebombers.barcelona\/#website\",\"url\":\"https:\/\/cursadebombers.barcelona\/\",\"name\":\"Cursa de Bombers\",\"description\":\"La Cursa dels Bombers de Barcelona.\",\"publisher\":{\"@id\":\"https:\/\/cursadebombers.barcelona\/#organization\"},\"potentialAction\":[{\"@type\":\"SearchAction\",\"target\":{\"@type\":\"EntryPoint\",\"urlTemplate\":\"https:\/\/cursadebombers.barcelona\/?s={search_term_string}\"},\"query-input\":{\"@type\":\"PropertyValueSpecification\",\"valueRequired\":true,\"valueName\":\"search_term_string\"}}],\"inLanguage\":\"es\"},{\"@type\":\"Organization\",\"@id\":\"https:\/\/cursadebombers.barcelona\/#organization\",\"name\":\"Cursa de Bombers\",\"url\":\"https:\/\/cursadebombers.barcelona\/\",\"logo\":{\"@type\":\"ImageObject\",\"inLanguage\":\"es\",\"@id\":\"https:\/\/cursadebombers.barcelona\/#\/schema\/logo\/image\/\",\"url\":\"https:\/\/cursadebombers.barcelona\/wp-content\/uploads\/2025\/06\/logo-cursa-bombers-app.png\",\"contentUrl\":\"https:\/\/cursadebombers.barcelona\/wp-content\/uploads\/2025\/06\/logo-cursa-bombers-app.png\",\"width\":512,\"height\":512,\"caption\":\"Cursa de Bombers\"},\"image\":{\"@id\":\"https:\/\/cursadebombers.barcelona\/#\/schema\/logo\/image\/\"},\"sameAs\":[\"https:\/\/www.facebook.com\/CursadeBombers\/\",\"https:\/\/x.com\/cursadebombers\",\"https:\/\/www.instagram.com\/cursadebombers\/\"]}]}<\/script>\n<!-- \/ Yoast SEO plugin. -->","yoast_head_json":{"title":"Cursa de Bombers de Barcelona. 1 diciembre 2019.","description":"La Cursa de Bombers de Barcelona vuelve el 1 de diciembre 2019. La prueba de 10 km m\u00e1s popular de Barcelona empezar\u00e1 a las 9h de la ma\u00f1ana.","robots":{"index":"index","follow":"follow","max-snippet":"max-snippet:-1","max-image-preview":"max-image-preview:large","max-video-preview":"max-video-preview:-1"},"canonical":"https:\/\/cursadebombers.barcelona\/es\/cursa-bombers-barcelona-2019-2\/","og_locale":"es_ES","og_type":"article","og_title":"Cursa de Bombers de Barcelona. 1 diciembre 2019.","og_description":"La Cursa de Bombers de Barcelona vuelve el 1 de diciembre 2019. La prueba de 10 km m\u00e1s popular de Barcelona empezar\u00e1 a las 9h de la ma\u00f1ana.","og_url":"https:\/\/cursadebombers.barcelona\/es\/cursa-bombers-barcelona-2019-2\/","og_site_name":"Cursa de Bombers","article_publisher":"https:\/\/www.facebook.com\/CursadeBombers\/","article_modified_time":"2019-12-02T17:48:23+00:00","twitter_card":"summary_large_image","twitter_site":"@cursadebombers","twitter_misc":{"Tiempo de lectura":"3 minutos"},"schema":{"@context":"https:\/\/schema.org","@graph":[{"@type":"WebPage","@id":"https:\/\/cursadebombers.barcelona\/es\/cursa-bombers-barcelona-2019-2\/","url":"https:\/\/cursadebombers.barcelona\/es\/cursa-bombers-barcelona-2019-2\/","name":"Cursa de Bombers de Barcelona. 1 diciembre 2019.","isPartOf":{"@id":"https:\/\/cursadebombers.barcelona\/#website"},"datePublished":"2018-12-04T12:55:51+00:00","dateModified":"2019-12-02T17:48:23+00:00","description":"La Cursa de Bombers de Barcelona vuelve el 1 de diciembre 2019. La prueba de 10 km m\u00e1s popular de Barcelona empezar\u00e1 a las 9h de la ma\u00f1ana.","breadcrumb":{"@id":"https:\/\/cursadebombers.barcelona\/es\/cursa-bombers-barcelona-2019-2\/#breadcrumb"},"inLanguage":"es","potentialAction":[{"@type":"ReadAction","target":["https:\/\/cursadebombers.barcelona\/es\/cursa-bombers-barcelona-2019-2\/"]}]},{"@type":"BreadcrumbList","@id":"https:\/\/cursadebombers.barcelona\/es\/cursa-bombers-barcelona-2019-2\/#breadcrumb","itemListElement":[{"@type":"ListItem","position":1,"name":"Inici","item":"https:\/\/cursadebombers.barcelona\/"},{"@type":"ListItem","position":2,"name":"Home Cursa Bombers 2019"}]},{"@type":"WebSite","@id":"https:\/\/cursadebombers.barcelona\/#website","url":"https:\/\/cursadebombers.barcelona\/","name":"Cursa de Bombers","description":"La Cursa dels Bombers de Barcelona.","publisher":{"@id":"https:\/\/cursadebombers.barcelona\/#organization"},"potentialAction":[{"@type":"SearchAction","target":{"@type":"EntryPoint","urlTemplate":"https:\/\/cursadebombers.barcelona\/?s={search_term_string}"},"query-input":{"@type":"PropertyValueSpecification","valueRequired":true,"valueName":"search_term_string"}}],"inLanguage":"es"},{"@type":"Organization","@id":"https:\/\/cursadebombers.barcelona\/#organization","name":"Cursa de Bombers","url":"https:\/\/cursadebombers.barcelona\/","logo":{"@type":"ImageObject","inLanguage":"es","@id":"https:\/\/cursadebombers.barcelona\/#\/schema\/logo\/image\/","url":"https:\/\/cursadebombers.barcelona\/wp-content\/uploads\/2025\/06\/logo-cursa-bombers-app.png","contentUrl":"https:\/\/cursadebombers.barcelona\/wp-content\/uploads\/2025\/06\/logo-cursa-bombers-app.png","width":512,"height":512,"caption":"Cursa de Bombers"},"image":{"@id":"https:\/\/cursadebombers.barcelona\/#\/schema\/logo\/image\/"},"sameAs":["https:\/\/www.facebook.com\/CursadeBombers\/","https:\/\/x.com\/cursadebombers","https:\/\/www.instagram.com\/cursadebombers\/"]}]}},"_links":{"self":[{"href":"https:\/\/cursadebombers.barcelona\/es\/wp-json\/wp\/v2\/pages\/2113","targetHints":{"allow":["GET"]}}],"collection":[{"href":"https:\/\/cursadebombers.barcelona\/es\/wp-json\/wp\/v2\/pages"}],"about":[{"href":"https:\/\/cursadebombers.barcelona\/es\/wp-json\/wp\/v2\/types\/page"}],"author":[{"embeddable":true,"href":"https:\/\/cursadebombers.barcelona\/es\/wp-json\/wp\/v2\/users\/1"}],"replies":[{"embeddable":true,"href":"https:\/\/cursadebombers.barcelona\/es\/wp-json\/wp\/v2\/comments?post=2113"}],"version-history":[{"count":5,"href":"https:\/\/cursadebombers.barcelona\/es\/wp-json\/wp\/v2\/pages\/2113\/revisions"}],"predecessor-version":[{"id":3770,"href":"https:\/\/cursadebombers.barcelona\/es\/wp-json\/wp\/v2\/pages\/2113\/revisions\/3770"}],"wp:attachment":[{"href":"https:\/\/cursadebombers.barcelona\/es\/wp-json\/wp\/v2\/media?parent=2113"}],"curies":[{"name":"wp","href":"https:\/\/api.w.org\/{rel}","templated":true}]}}