{"id":10885,"date":"2024-04-08T16:18:41","date_gmt":"2024-04-08T16:18:41","guid":{"rendered":"https:\/\/cursadebombers.barcelona\/la-cursa\/cursa-solidaria\/"},"modified":"2026-01-13T09:18:16","modified_gmt":"2026-01-13T09:18:16","slug":"cursa-solidaria","status":"publish","type":"page","link":"https:\/\/cursadebombers.barcelona\/es\/la-cursa\/cursa-solidaria\/","title":{"rendered":"Carrera Solidaria"},"content":{"rendered":"<p>[et_pb_section fb_built=\u00bb1&#8243; fullwidth=\u00bbon\u00bb custom_padding_last_edited=\u00bbon|desktop\u00bb _builder_version=\u00bb4.23.1&#8243; background_color=\u00bb#ffffff\u00bb background_image=\u00bbhttps:\/\/cursadebombers.barcelona\/wp-content\/uploads\/2024\/04\/FONDO_1712x250px.jpg\u00bb height_tablet=\u00bb100px\u00bb height_phone=\u00bb\u00bb height_last_edited=\u00bbon|phone\u00bb custom_padding=\u00bb||||false|false\u00bb custom_padding_tablet=\u00bb\u00bb custom_padding_phone=\u00bb\u00bb background_last_edited=\u00bbon|tablet\u00bb global_colors_info=\u00bb{}\u00bb][et_pb_fullwidth_header title=\u00bbCURSA SOLIDARIA\u00bb text_orientation=\u00bbcenter\u00bb _builder_version=\u00bb4.23.1&#8243; background_color=\u00bbrgba(255, 255, 255, 0)\u00bb title_text_color_tablet=\u00bbRGBA(255,255,255,0)\u00bb title_text_color_phone=\u00bbRGBA(255,255,255,0)\u00bb title_text_color_last_edited=\u00bbon|phone\u00bb global_colors_info=\u00bb{}\u00bb button_one_text_size__hover_enabled=\u00bboff\u00bb button_one_text_size__hover=\u00bbnull\u00bb button_two_text_size__hover_enabled=\u00bboff\u00bb button_two_text_size__hover=\u00bbnull\u00bb button_one_text_color__hover_enabled=\u00bboff\u00bb button_one_text_color__hover=\u00bbnull\u00bb button_two_text_color__hover_enabled=\u00bboff\u00bb button_two_text_color__hover=\u00bbnull\u00bb button_one_border_width__hover_enabled=\u00bboff\u00bb button_one_border_width__hover=\u00bbnull\u00bb button_two_border_width__hover_enabled=\u00bboff\u00bb button_two_border_width__hover=\u00bbnull\u00bb button_one_border_color__hover_enabled=\u00bboff\u00bb button_one_border_color__hover=\u00bbnull\u00bb button_two_border_color__hover_enabled=\u00bboff\u00bb button_two_border_color__hover=\u00bbnull\u00bb button_one_border_radius__hover_enabled=\u00bboff\u00bb button_one_border_radius__hover=\u00bbnull\u00bb button_two_border_radius__hover_enabled=\u00bboff\u00bb button_two_border_radius__hover=\u00bbnull\u00bb button_one_letter_spacing__hover_enabled=\u00bbon\u00bb button_one_letter_spacing__hover=\u00bb0&#8243; button_two_letter_spacing__hover_enabled=\u00bbon\u00bb button_two_letter_spacing__hover=\u00bb0&#8243; button_one_bg_color__hover_enabled=\u00bboff\u00bb button_one_bg_color__hover=\u00bbnull\u00bb button_two_bg_color__hover_enabled=\u00bboff\u00bb button_two_bg_color__hover=\u00bbnull\u00bb][\/et_pb_fullwidth_header][\/et_pb_section][et_pb_section fb_built=\u00bb1&#8243; admin_label=\u00bbsection\u00bb _builder_version=\u00bb4.16&#8243; global_colors_info=\u00bb{}\u00bb][et_pb_row admin_label=\u00bbrow\u00bb _builder_version=\u00bb4.16&#8243; background_size=\u00bbinitial\u00bb background_position=\u00bbtop_left\u00bb background_repeat=\u00bbrepeat\u00bb global_colors_info=\u00bb{}\u00bb][et_pb_column type=\u00bb4_4&#8243; _builder_version=\u00bb4.16&#8243; custom_padding=\u00bb|||\u00bb global_colors_info=\u00bb{}\u00bb custom_padding__hover=\u00bb|||\u00bb][et_pb_text _builder_version=\u00bb4.27.4&#8243; background_size=\u00bbinitial\u00bb background_position=\u00bbtop_left\u00bb background_repeat=\u00bbrepeat\u00bb use_border_color=\u00bboff\u00bb global_colors_info=\u00bb{}\u00bb]<\/p>\n<p><strong>\u200bLa Vueling Cursa Bombers Barcelona es sin\u00f3nimo de deporte, constancia, superaci\u00f3n, compa\u00f1erismo, amistad y solidaridad.<\/strong><\/p>\n<p data-start=\"137\" data-end=\"494\">Todos ellos son los valores de las entidades que trabajan para mejorar los desequilibrios sociales y para ayudar a quienes m\u00e1s lo necesitan. Y por este mismo motivo, desde la Cursa Bombers, en cada edici\u00f3n os proponemos maneras de hacer de esta carrera la m\u00e1s solidaria. En el a\u00f1o 2025 alcanzamos el r\u00e9cord hist\u00f3rico de recaudaci\u00f3n con <a href=\"https:\/\/cursadebombers.barcelona\/es\/2025\/12\/10\/record-solidari-vuelingcursabombersbarcelona2025\/\" target=\"_blank\" rel=\"noopener\"><strong>65.780 \u20ac conseguidos<\/strong><\/a>.<\/p>\n<p data-start=\"496\" data-end=\"661\">La Cursa destina 1 \u20ac de los gastos de gesti\u00f3n de cada inscripci\u00f3n a los retos solidarios que impulsa la asociaci\u00f3n Bombers Solidaris en la plataforma migranodearena.<\/p>\n<p>[\/et_pb_text][\/et_pb_column][\/et_pb_row][et_pb_row column_structure=\u00bb1_2,1_2&#8243; admin_label=\u00bbrow\u00bb _builder_version=\u00bb4.16&#8243; background_size=\u00bbinitial\u00bb background_position=\u00bbtop_left\u00bb background_repeat=\u00bbrepeat\u00bb global_colors_info=\u00bb{}\u00bb][et_pb_column type=\u00bb1_2&#8243; _builder_version=\u00bb4.16&#8243; custom_padding=\u00bb|||\u00bb global_colors_info=\u00bb{}\u00bb custom_padding__hover=\u00bb|||\u00bb][et_pb_text disabled_on=\u00bbon|on|on\u00bb _builder_version=\u00bb4.23.1&#8243; text_text_color=\u00bb#FFFFFF\u00bb header_2_font=\u00bb|600|||||||\u00bb header_2_text_align=\u00bbcenter\u00bb header_2_text_color=\u00bb#FFFFFF\u00bb header_4_text_color=\u00bb#FFFFFF\u00bb background_color=\u00bb#da291c\u00bb background_size=\u00bbinitial\u00bb background_position=\u00bbtop_left\u00bb background_repeat=\u00bbrepeat\u00bb custom_margin=\u00bb||||false|false\u00bb custom_padding=\u00bb25px|25px|25px|25px|false|false\u00bb text_text_shadow_style=\u00bbpreset3&#8243; border_radii=\u00bbon|10px|10px|10px|10px\u00bb box_shadow_style=\u00bbpreset1&#8243; box_shadow_blur=\u00bb8px\u00bb box_shadow_color=\u00bb#E02B20&#8243; use_border_color=\u00bboff\u00bb disabled=\u00bbon\u00bb global_colors_info=\u00bb{}\u00bb]<\/p>\n<h2>El Chip blanco es solidario<\/h2>\n<p style=\"text-align: justify;\">Com cada a\u00f1o, la <strong>Cursa Bombers<\/strong> destina parte del valor econ\u00f3mico de todos los chips blancos de alquiler a la acci\u00f3n social. Es promou l\u2019esport alhora que pret\u00e9n ser un altaveu per denunciar situacions de vulnerabilitat.<\/p>\n<p style=\"text-align: justify;\">Aix\u00ed, <strong>per cada 2 euros de lloguer del xip blanc es destinaran 0,80 c\u00e8ntims<\/strong> en diferents projectes per ajudar a aquells col\u00b7lectius, ONG\u2019s i campanyes que treballin en projectes d\u2019injust\u00edcia social.<\/p>\n<p style=\"text-align: justify;\">Aquest 2023 l&#8217;entitat <strong>Bombers Solidaris<\/strong> ser\u00e0 l&#8217;encarregada de recollir els xips blancs a la l\u00ednia de meta.<\/p>\n<p><img loading=\"lazy\" decoding=\"async\" class=\"aligncenter wp-image-3166\" src=\"https:\/\/cursadebombers.barcelona\/wp-content\/uploads\/2019\/09\/xip-blanc.jpg\" alt=\"\" width=\"606\" height=\"403\"><\/p>\n<h4 class=\"p1\" style=\"text-align: center;\"><strong>Com col\u00b7laborar?<\/strong><\/h4>\n<p style=\"text-align: center;\">En creuar la l\u00ednia de meta, treu-te el xip blanc de la vamba i entrega&#8217;l. R\u00e0pid i f\u00e0cil!<\/p>\n<p class=\"p1\" style=\"text-align: center;\"><span class=\"s1\">Sigues solidari! \ud83d\ude09<\/span><\/p>\n<p class=\"p1\" style=\"text-align: center;\"><span class=\"s1\">I si per error te l\u2019emportes, no el llencis, el podr\u00e0s fer arribar personalment o per correu postal. T\u2019ho agrairan!<\/span><\/p>\n<p>[\/et_pb_text][\/et_pb_column][et_pb_column type=\u00bb1_2&#8243; _builder_version=\u00bb4.16&#8243; custom_padding=\u00bb|||\u00bb global_colors_info=\u00bb{}\u00bb custom_padding__hover=\u00bb|||\u00bb][et_pb_text disabled_on=\u00bbon|on|on\u00bb _builder_version=\u00bb4.16&#8243; background_size=\u00bbinitial\u00bb background_position=\u00bbtop_left\u00bb background_repeat=\u00bbrepeat\u00bb use_border_color=\u00bboff\u00bb disabled=\u00bbon\u00bb global_colors_info=\u00bb{}\u00bb]<\/p>\n<h4><a href=\"https:\/\/www.migranodearena.org\/eventos\/307\/cursa-bombers-2019\"><img loading=\"lazy\" decoding=\"async\" class=\"aligncenter wp-image-3164\" src=\"https:\/\/cursadebombers.barcelona\/wp-content\/uploads\/2019\/09\/Logo_migranodearena.org_JPG.jpg\" alt=\"\" width=\"301\" height=\"56\"><\/a><\/h4>\n<h4>La Vueling Cursa Bombers Barcelona i migranodearena.org converteixen el teu repte esportiu en un repte solidari.<\/h4>\n<p>La Fundaci\u00f3 <a href=\"http:\/\/migranodearena.org\/\">migranodearena.org<\/a>. t&#8217;ajuda a impulsar el teu propi repte solidari o a donar suport a alg\u00fan projecte social o organitzaci\u00f3 sense \u00e0nim de lucre amb qui vulguis col\u00b7laborar.<\/p>\n<p>El que et proposem \u00e9s molt senzill: afegeix un repte solidari al teu repte esportiu i recolza a l\u2019organitzaci\u00f3 que vulguis, ONG, fundaci\u00f3 o Associaci\u00f3.<\/p>\n<p>Pots donar suport a la causa que m\u00e9s t\u2019interessi: salut, investigaci\u00f3 m\u00e8dica, exclusi\u00f3 social, cooperaci\u00f3 internacional, inf\u00e0ncia, medi ambient,&#8230; etc. A migranodearena.org hi ha m\u00e9s de 2.600 organitzacions sense \u00e0nims de lucre a qui dedicar la prova.<\/p>\n<h6>Com convertir-te en l\u00edder solidari?<\/h6>\n<ol>\n<li><a href=\"https:\/\/www.migranodearena.org\/ca\/login\">Inicia sessi\u00f3<\/a> a migranodearena.org o <a href=\"https:\/\/www.migranodearena.org\/ca\/registre\">registra\u2019t<\/a>.<\/li>\n<li>Clica el bot\u00f3 <a href=\"https:\/\/www.migranodearena.org\/ca\/crea-repte\">crea el teu repte<\/a>.<\/li>\n<li>Selecciona la categoria \u201cEsdeveniment esportiu\u201d i la prova <a href=\"https:\/\/www.migranodearena.org\/ca\/esdeveniments\/307\/cursa-bombers-2019\">\u201cVueling Cursa Bombers Barcelona 2022\u201d<\/a><\/li>\n<li>Tria l\u2019ONG a qui vols donar suport.<\/li>\n<li>Descriu el seu repte solidari: Explica la teva hist\u00f2ria, afegeix fotos, v\u00eddeo,&#8230; i estableix l\u2019objectiu de recaptaci\u00f3.<\/li>\n<li>Comparteix el teu repte solidari: anima els teus amics i fam\u00edlia perqu\u00e8 col\u00b7laborin en el teu repte de recaptaci\u00f3.<\/li>\n<\/ol>\n<p>Per demanar m\u00e9s informaci\u00f3 o resoldre dubtes contacteu amb www.migranodearena.org a info@migranodearena.org<\/p>\n<h5><strong>Podi solidari<\/strong><\/h5>\n<p>El <b>Podi Solidari<\/b> ser\u00e0 per els\/les 5 atletes que corrin i acabin la cursa i que m\u00e9s diners aconsegueixin per als seus reptes. A m\u00e9s a m\u00e9s, entre els 5 reptes guanyadors Bombers Solidaris repartir\u00e0 les donacions que s\u2019hagin recollit a les inscripcions de la cursa.<\/p>\n<p><b>Important!<\/b> El <b>22 d&#8217;Octubre les 19:00h<\/b>, es tancar\u00e0 el Podi.<\/p>\n<p>Al final de la Cursa es far\u00e0 un acte amb l\u2019entrega simb\u00f2lica.<\/p>\n<p>Com m\u00e9s gent conegui el vostre repte solidari, millor! Es tracta de recaptar el m\u00e0xim de diners i el podi solidari us ajudar\u00e0 en el vostre objectiu.<\/p>\n<p>Si teniu qualsevol dubte, podeu consultar tota la informaci\u00f3 <a href=\"https:\/\/cursadebombers.barcelona\/wp-content\/uploads\/2019\/09\/document-informatiu-migranodearena-1.pdf\">aqu\u00ed<\/a>.<\/p>\n<p>[\/et_pb_text][et_pb_button button_url=\u00bbhttps:\/\/www.migranodearena.org\/ca\/event\/vueling-cursa-bombers-de-barcelona&#8212;22-d-octubre-2023&#8243; button_text=\u00bbReptes Solidaris 2023&#8243; disabled_on=\u00bbon|on|on\u00bb _builder_version=\u00bb4.23.1&#8243; _module_preset=\u00bbdefault\u00bb disabled=\u00bbon\u00bb global_colors_info=\u00bb{}\u00bb][\/et_pb_button][\/et_pb_column][\/et_pb_row][et_pb_row column_structure=\u00bb1_2,1_2&#8243; _builder_version=\u00bb4.27.4&#8243; _module_preset=\u00bbdefault\u00bb global_colors_info=\u00bb{}\u00bb][et_pb_column type=\u00bb1_2&#8243; _builder_version=\u00bb4.27.4&#8243; _module_preset=\u00bbdefault\u00bb global_colors_info=\u00bb{}\u00bb][et_pb_image src=\u00bbhttps:\/\/cursadebombers.barcelona\/wp-content\/uploads\/2026\/01\/Logo-Bombers-Solidaris-2023-png-1-300&#215;300.png\u00bb title_text=\u00bbLogo Bombers Solidaris 2023 png (1)\u00bb align=\u00bbcenter\u00bb _builder_version=\u00bb4.27.4&#8243; _module_preset=\u00bbdefault\u00bb global_colors_info=\u00bb{}\u00bb][\/et_pb_image][\/et_pb_column][et_pb_column type=\u00bb1_2&#8243; _builder_version=\u00bb4.27.4&#8243; _module_preset=\u00bbdefault\u00bb global_colors_info=\u00bb{}\u00bb][et_pb_image src=\u00bbhttps:\/\/cursadebombers.barcelona\/wp-content\/uploads\/2023\/10\/unnamed.jpg\u00bb title_text=\u00bbunnamed\u00bb align=\u00bbcenter\u00bb _builder_version=\u00bb4.27.0&#8243; _module_preset=\u00bbdefault\u00bb width=\u00bb60%\u00bb global_colors_info=\u00bb{}\u00bb][\/et_pb_image][\/et_pb_column][\/et_pb_row][et_pb_row _builder_version=\u00bb4.23.1&#8243; _module_preset=\u00bbdefault\u00bb global_colors_info=\u00bb{}\u00bb disabled_on=\u00bbon|on|on\u00bb disabled=\u00bbon\u00bb][et_pb_column type=\u00bb4_4&#8243; _builder_version=\u00bb4.23.1&#8243; _module_preset=\u00bbdefault\u00bb global_colors_info=\u00bb{}\u00bb][et_pb_text _builder_version=\u00bb4.27.4&#8243; text_text_color=\u00bb#FFFFFF\u00bb link_text_color=\u00bb#EDF000&#8243; header_2_font=\u00bb|600|||||||\u00bb header_2_text_align=\u00bbcenter\u00bb header_2_text_color=\u00bb#FFFFFF\u00bb header_4_text_color=\u00bb#FFFFFF\u00bb header_5_text_color=\u00bb#FFFFFF\u00bb background_color=\u00bb#da291c\u00bb background_size=\u00bbinitial\u00bb background_position=\u00bbtop_left\u00bb background_repeat=\u00bbrepeat\u00bb custom_margin=\u00bb||||false|false\u00bb custom_padding=\u00bb25px|25px|25px|25px|false|false\u00bb text_text_shadow_style=\u00bbpreset3&#8243; border_radii=\u00bbon|10px|10px|10px|10px\u00bb use_border_color=\u00bboff\u00bb global_colors_info=\u00bb{}\u00bb]<\/p>\n<p style=\"text-align: justify;\"><strong>La Vueling Cursa Bombers Barcelona y migranodearena.org te ayudan a que tu reto deportivo sea un reto solidario.<\/strong><\/p>\n<p style=\"text-align: justify;\"><strong>Damos apoyo a tus proyectos<\/strong><\/p>\n<p style=\"text-align: justify;\">Sabemos que muchas personas colaboran de manera altruista en proyectos m\u00e9dicos. sociales, de investigaci\u00f3n, etc. Por este motivo, desde Bombers Solidaris os queremos ayudar a recoger fondos para todas estas causas.\u00a0<\/p>\n<p style=\"text-align: justify;\">Estamos trabajando para la edici\u00f3n del 2026.<\/p>\n<p style=\"text-align: justify;\">\n<p>[\/et_pb_text][\/et_pb_column][\/et_pb_row][et_pb_row _builder_version=\u00bb4.16&#8243; global_colors_info=\u00bb{}\u00bb][et_pb_column type=\u00bb4_4&#8243; _builder_version=\u00bb4.16&#8243; global_colors_info=\u00bb{}\u00bb][et_pb_gallery gallery_ids=\u00bb10516,10513,10510,10519&#8243; show_title_and_caption=\u00bboff\u00bb show_pagination=\u00bboff\u00bb _builder_version=\u00bb4.23.1&#8243; _module_preset=\u00bbdefault\u00bb global_colors_info=\u00bb{}\u00bb][\/et_pb_gallery][\/et_pb_column][\/et_pb_row][\/et_pb_section]<\/p>\n","protected":false},"excerpt":{"rendered":"<p>\u200bLa Vueling Cursa Bombers Barcelona es sin\u00f3nimo de deporte, constancia, superaci\u00f3n, compa\u00f1erismo, amistad y solidaridad. Todos ellos son los valores de las entidades que trabajan para mejorar los desequilibrios sociales y para ayudar a quienes m\u00e1s lo necesitan. Y por este mismo motivo, desde la Cursa Bombers, en cada edici\u00f3n os proponemos maneras de hacer [&hellip;]<\/p>\n","protected":false},"author":1,"featured_media":0,"parent":507,"menu_order":0,"comment_status":"closed","ping_status":"closed","template":"","meta":{"_et_pb_use_builder":"on","_et_pb_old_content":"","_et_gb_content_width":"","footnotes":""},"class_list":["post-10885","page","type-page","status-publish","hentry"],"yoast_head":"<!-- This site is optimized with the Yoast SEO plugin v27.2 - https:\/\/yoast.com\/product\/yoast-seo-wordpress\/ -->\n<title>La Vueling Cursa Bombers Barcelona m\u00e1s solidaria, que combina retos deportivos y solidarios.<\/title>\n<meta name=\"robots\" content=\"index, follow, max-snippet:-1, max-image-preview:large, max-video-preview:-1\" \/>\n<link rel=\"canonical\" href=\"https:\/\/cursadebombers.barcelona\/es\/la-cursa\/cursa-solidaria\/\" \/>\n<meta property=\"og:locale\" content=\"es_ES\" \/>\n<meta property=\"og:type\" content=\"article\" \/>\n<meta property=\"og:title\" content=\"La Vueling Cursa Bombers Barcelona m\u00e1s solidaria, que combina retos deportivos y solidarios.\" \/>\n<meta property=\"og:description\" content=\"\u200bLa Vueling Cursa Bombers Barcelona es sin\u00f3nimo de deporte, constancia, superaci\u00f3n, compa\u00f1erismo, amistad y solidaridad. Todos ellos son los valores de las entidades que trabajan para mejorar los desequilibrios sociales y para ayudar a quienes m\u00e1s lo necesitan. Y por este mismo motivo, desde la Cursa Bombers, en cada edici\u00f3n os proponemos maneras de hacer [&hellip;]\" \/>\n<meta property=\"og:url\" content=\"https:\/\/cursadebombers.barcelona\/es\/la-cursa\/cursa-solidaria\/\" \/>\n<meta property=\"og:site_name\" content=\"Cursa de Bombers\" \/>\n<meta property=\"article:publisher\" content=\"https:\/\/www.facebook.com\/CursadeBombers\/\" \/>\n<meta property=\"article:modified_time\" content=\"2026-01-13T09:18:16+00:00\" \/>\n<meta property=\"og:image\" content=\"https:\/\/cursadebombers.barcelona\/wp-content\/uploads\/2019\/09\/xip-blanc.jpg\" \/>\n<meta name=\"twitter:card\" content=\"summary_large_image\" \/>\n<meta name=\"twitter:site\" content=\"@cursadebombers\" \/>\n<meta name=\"twitter:label1\" content=\"Tiempo de lectura\" \/>\n\t<meta name=\"twitter:data1\" content=\"2 minutos\" \/>\n<script type=\"application\/ld+json\" class=\"yoast-schema-graph\">{\"@context\":\"https:\/\/schema.org\",\"@graph\":[{\"@type\":\"WebPage\",\"@id\":\"https:\/\/cursadebombers.barcelona\/es\/la-cursa\/cursa-solidaria\/\",\"url\":\"https:\/\/cursadebombers.barcelona\/es\/la-cursa\/cursa-solidaria\/\",\"name\":\"La Vueling Cursa Bombers Barcelona m\u00e1s solidaria, que combina retos deportivos y solidarios.\",\"isPartOf\":{\"@id\":\"https:\/\/cursadebombers.barcelona\/#website\"},\"primaryImageOfPage\":{\"@id\":\"https:\/\/cursadebombers.barcelona\/es\/la-cursa\/cursa-solidaria\/#primaryimage\"},\"image\":{\"@id\":\"https:\/\/cursadebombers.barcelona\/es\/la-cursa\/cursa-solidaria\/#primaryimage\"},\"thumbnailUrl\":\"https:\/\/cursadebombers.barcelona\/wp-content\/uploads\/2019\/09\/xip-blanc.jpg\",\"datePublished\":\"2024-04-08T16:18:41+00:00\",\"dateModified\":\"2026-01-13T09:18:16+00:00\",\"breadcrumb\":{\"@id\":\"https:\/\/cursadebombers.barcelona\/es\/la-cursa\/cursa-solidaria\/#breadcrumb\"},\"inLanguage\":\"es\",\"potentialAction\":[{\"@type\":\"ReadAction\",\"target\":[\"https:\/\/cursadebombers.barcelona\/es\/la-cursa\/cursa-solidaria\/\"]}]},{\"@type\":\"ImageObject\",\"inLanguage\":\"es\",\"@id\":\"https:\/\/cursadebombers.barcelona\/es\/la-cursa\/cursa-solidaria\/#primaryimage\",\"url\":\"https:\/\/cursadebombers.barcelona\/wp-content\/uploads\/2019\/09\/xip-blanc.jpg\",\"contentUrl\":\"https:\/\/cursadebombers.barcelona\/wp-content\/uploads\/2019\/09\/xip-blanc.jpg\"},{\"@type\":\"BreadcrumbList\",\"@id\":\"https:\/\/cursadebombers.barcelona\/es\/la-cursa\/cursa-solidaria\/#breadcrumb\",\"itemListElement\":[{\"@type\":\"ListItem\",\"position\":1,\"name\":\"Inici\",\"item\":\"https:\/\/cursadebombers.barcelona\/\"},{\"@type\":\"ListItem\",\"position\":2,\"name\":\"La Cursa\",\"item\":\"https:\/\/cursadebombers.barcelona\/es\/la-cursa\/\"},{\"@type\":\"ListItem\",\"position\":3,\"name\":\"Carrera Solidaria\"}]},{\"@type\":\"WebSite\",\"@id\":\"https:\/\/cursadebombers.barcelona\/#website\",\"url\":\"https:\/\/cursadebombers.barcelona\/\",\"name\":\"Cursa de Bombers\",\"description\":\"La Cursa dels Bombers de Barcelona.\",\"publisher\":{\"@id\":\"https:\/\/cursadebombers.barcelona\/#organization\"},\"potentialAction\":[{\"@type\":\"SearchAction\",\"target\":{\"@type\":\"EntryPoint\",\"urlTemplate\":\"https:\/\/cursadebombers.barcelona\/?s={search_term_string}\"},\"query-input\":{\"@type\":\"PropertyValueSpecification\",\"valueRequired\":true,\"valueName\":\"search_term_string\"}}],\"inLanguage\":\"es\"},{\"@type\":\"Organization\",\"@id\":\"https:\/\/cursadebombers.barcelona\/#organization\",\"name\":\"Cursa de Bombers\",\"url\":\"https:\/\/cursadebombers.barcelona\/\",\"logo\":{\"@type\":\"ImageObject\",\"inLanguage\":\"es\",\"@id\":\"https:\/\/cursadebombers.barcelona\/#\/schema\/logo\/image\/\",\"url\":\"https:\/\/cursadebombers.barcelona\/wp-content\/uploads\/2025\/06\/logo-cursa-bombers-app.png\",\"contentUrl\":\"https:\/\/cursadebombers.barcelona\/wp-content\/uploads\/2025\/06\/logo-cursa-bombers-app.png\",\"width\":512,\"height\":512,\"caption\":\"Cursa de Bombers\"},\"image\":{\"@id\":\"https:\/\/cursadebombers.barcelona\/#\/schema\/logo\/image\/\"},\"sameAs\":[\"https:\/\/www.facebook.com\/CursadeBombers\/\",\"https:\/\/x.com\/cursadebombers\",\"https:\/\/www.instagram.com\/cursadebombers\/\"]}]}<\/script>\n<!-- \/ Yoast SEO plugin. -->","yoast_head_json":{"title":"La Vueling Cursa Bombers Barcelona m\u00e1s solidaria, que combina retos deportivos y solidarios.","robots":{"index":"index","follow":"follow","max-snippet":"max-snippet:-1","max-image-preview":"max-image-preview:large","max-video-preview":"max-video-preview:-1"},"canonical":"https:\/\/cursadebombers.barcelona\/es\/la-cursa\/cursa-solidaria\/","og_locale":"es_ES","og_type":"article","og_title":"La Vueling Cursa Bombers Barcelona m\u00e1s solidaria, que combina retos deportivos y solidarios.","og_description":"\u200bLa Vueling Cursa Bombers Barcelona es sin\u00f3nimo de deporte, constancia, superaci\u00f3n, compa\u00f1erismo, amistad y solidaridad. Todos ellos son los valores de las entidades que trabajan para mejorar los desequilibrios sociales y para ayudar a quienes m\u00e1s lo necesitan. Y por este mismo motivo, desde la Cursa Bombers, en cada edici\u00f3n os proponemos maneras de hacer [&hellip;]","og_url":"https:\/\/cursadebombers.barcelona\/es\/la-cursa\/cursa-solidaria\/","og_site_name":"Cursa de Bombers","article_publisher":"https:\/\/www.facebook.com\/CursadeBombers\/","article_modified_time":"2026-01-13T09:18:16+00:00","og_image":[{"url":"https:\/\/cursadebombers.barcelona\/wp-content\/uploads\/2019\/09\/xip-blanc.jpg","type":"","width":"","height":""}],"twitter_card":"summary_large_image","twitter_site":"@cursadebombers","twitter_misc":{"Tiempo de lectura":"2 minutos"},"schema":{"@context":"https:\/\/schema.org","@graph":[{"@type":"WebPage","@id":"https:\/\/cursadebombers.barcelona\/es\/la-cursa\/cursa-solidaria\/","url":"https:\/\/cursadebombers.barcelona\/es\/la-cursa\/cursa-solidaria\/","name":"La Vueling Cursa Bombers Barcelona m\u00e1s solidaria, que combina retos deportivos y solidarios.","isPartOf":{"@id":"https:\/\/cursadebombers.barcelona\/#website"},"primaryImageOfPage":{"@id":"https:\/\/cursadebombers.barcelona\/es\/la-cursa\/cursa-solidaria\/#primaryimage"},"image":{"@id":"https:\/\/cursadebombers.barcelona\/es\/la-cursa\/cursa-solidaria\/#primaryimage"},"thumbnailUrl":"https:\/\/cursadebombers.barcelona\/wp-content\/uploads\/2019\/09\/xip-blanc.jpg","datePublished":"2024-04-08T16:18:41+00:00","dateModified":"2026-01-13T09:18:16+00:00","breadcrumb":{"@id":"https:\/\/cursadebombers.barcelona\/es\/la-cursa\/cursa-solidaria\/#breadcrumb"},"inLanguage":"es","potentialAction":[{"@type":"ReadAction","target":["https:\/\/cursadebombers.barcelona\/es\/la-cursa\/cursa-solidaria\/"]}]},{"@type":"ImageObject","inLanguage":"es","@id":"https:\/\/cursadebombers.barcelona\/es\/la-cursa\/cursa-solidaria\/#primaryimage","url":"https:\/\/cursadebombers.barcelona\/wp-content\/uploads\/2019\/09\/xip-blanc.jpg","contentUrl":"https:\/\/cursadebombers.barcelona\/wp-content\/uploads\/2019\/09\/xip-blanc.jpg"},{"@type":"BreadcrumbList","@id":"https:\/\/cursadebombers.barcelona\/es\/la-cursa\/cursa-solidaria\/#breadcrumb","itemListElement":[{"@type":"ListItem","position":1,"name":"Inici","item":"https:\/\/cursadebombers.barcelona\/"},{"@type":"ListItem","position":2,"name":"La Cursa","item":"https:\/\/cursadebombers.barcelona\/es\/la-cursa\/"},{"@type":"ListItem","position":3,"name":"Carrera Solidaria"}]},{"@type":"WebSite","@id":"https:\/\/cursadebombers.barcelona\/#website","url":"https:\/\/cursadebombers.barcelona\/","name":"Cursa de Bombers","description":"La Cursa dels Bombers de Barcelona.","publisher":{"@id":"https:\/\/cursadebombers.barcelona\/#organization"},"potentialAction":[{"@type":"SearchAction","target":{"@type":"EntryPoint","urlTemplate":"https:\/\/cursadebombers.barcelona\/?s={search_term_string}"},"query-input":{"@type":"PropertyValueSpecification","valueRequired":true,"valueName":"search_term_string"}}],"inLanguage":"es"},{"@type":"Organization","@id":"https:\/\/cursadebombers.barcelona\/#organization","name":"Cursa de Bombers","url":"https:\/\/cursadebombers.barcelona\/","logo":{"@type":"ImageObject","inLanguage":"es","@id":"https:\/\/cursadebombers.barcelona\/#\/schema\/logo\/image\/","url":"https:\/\/cursadebombers.barcelona\/wp-content\/uploads\/2025\/06\/logo-cursa-bombers-app.png","contentUrl":"https:\/\/cursadebombers.barcelona\/wp-content\/uploads\/2025\/06\/logo-cursa-bombers-app.png","width":512,"height":512,"caption":"Cursa de Bombers"},"image":{"@id":"https:\/\/cursadebombers.barcelona\/#\/schema\/logo\/image\/"},"sameAs":["https:\/\/www.facebook.com\/CursadeBombers\/","https:\/\/x.com\/cursadebombers","https:\/\/www.instagram.com\/cursadebombers\/"]}]}},"_links":{"self":[{"href":"https:\/\/cursadebombers.barcelona\/es\/wp-json\/wp\/v2\/pages\/10885","targetHints":{"allow":["GET"]}}],"collection":[{"href":"https:\/\/cursadebombers.barcelona\/es\/wp-json\/wp\/v2\/pages"}],"about":[{"href":"https:\/\/cursadebombers.barcelona\/es\/wp-json\/wp\/v2\/types\/page"}],"author":[{"embeddable":true,"href":"https:\/\/cursadebombers.barcelona\/es\/wp-json\/wp\/v2\/users\/1"}],"replies":[{"embeddable":true,"href":"https:\/\/cursadebombers.barcelona\/es\/wp-json\/wp\/v2\/comments?post=10885"}],"version-history":[{"count":9,"href":"https:\/\/cursadebombers.barcelona\/es\/wp-json\/wp\/v2\/pages\/10885\/revisions"}],"predecessor-version":[{"id":16220,"href":"https:\/\/cursadebombers.barcelona\/es\/wp-json\/wp\/v2\/pages\/10885\/revisions\/16220"}],"up":[{"embeddable":true,"href":"https:\/\/cursadebombers.barcelona\/es\/wp-json\/wp\/v2\/pages\/507"}],"wp:attachment":[{"href":"https:\/\/cursadebombers.barcelona\/es\/wp-json\/wp\/v2\/media?parent=10885"}],"curies":[{"name":"wp","href":"https:\/\/api.w.org\/{rel}","templated":true}]}}