{"id":1073,"date":"2016-10-27T10:16:06","date_gmt":"2016-10-27T10:16:06","guid":{"rendered":"http:\/\/cursadebombers.barcelona\/es\/?page_id=1073"},"modified":"2020-02-17T18:01:11","modified_gmt":"2020-02-17T18:01:11","slug":"informacion-importante","status":"publish","type":"page","link":"https:\/\/cursadebombers.barcelona\/es\/informacion-importante\/","title":{"rendered":"Informaci\u00f3n Importante"},"content":{"rendered":"<p>[et_pb_section fb_built=\u00bb1&#8243; fullwidth=\u00bbon\u00bb _builder_version=\u00bb3.22&#8243;][et_pb_fullwidth_image src=\u00bbhttp:\/\/cursadebombers.barcelona\/wp-content\/uploads\/2019\/10\/banner-newsletters.jpg\u00bb _builder_version=\u00bb3.29.2&#8243; animation_style=\u00bbslide\u00bb animation_direction=\u00bbtop\u00bb animation_duration=\u00bb500ms\u00bb animation_intensity_slide=\u00bb10%\u00bb use_border_color=\u00bboff\u00bb][\/et_pb_fullwidth_image][\/et_pb_section][et_pb_section fb_built=\u00bb1&#8243; custom_padding_last_edited=\u00bbon|desktop\u00bb disabled_on=\u00bboff|off|off\u00bb _builder_version=\u00bb3.22&#8243; background_color=\u00bb#ffffff\u00bb custom_padding=\u00bb5px||5px|\u00bb custom_padding_tablet=\u00bb50px|0|50px|0&#8243; custom_padding_phone=\u00bb\u00bb transparent_background=\u00bboff\u00bb padding_mobile=\u00bboff\u00bb make_fullwidth=\u00bboff\u00bb use_custom_width=\u00bboff\u00bb width_unit=\u00bbon\u00bb][et_pb_row column_structure=\u00bb2_3,1_3&#8243; _builder_version=\u00bb3.25&#8243; background_size=\u00bbinitial\u00bb background_position=\u00bbtop_left\u00bb background_repeat=\u00bbrepeat\u00bb][et_pb_column type=\u00bb2_3&#8243; _builder_version=\u00bb3.25&#8243; custom_padding=\u00bb|||\u00bb custom_padding__hover=\u00bb|||\u00bb][et_pb_text _builder_version=\u00bb3.29.2&#8243; text_line_height=\u00bb1em\u00bb header_font_size=\u00bb32px\u00bb background_color=\u00bb#000000&#8243; background_size=\u00bbinitial\u00bb background_position=\u00bbtop_left\u00bb background_repeat=\u00bbrepeat\u00bb custom_padding=\u00bb13px||-5px|10px\u00bb use_border_color=\u00bboff\u00bb border_color=\u00bb#ffffff\u00bb border_style=\u00bbsolid\u00bb]<\/p>\n<h1><span style=\"color: #ffffff;\">INFORMACI\u00d3N IMPORTANTE<\/span><\/h1>\n<p>[\/et_pb_text][et_pb_text _builder_version=\u00bb3.29.2&#8243; background_size=\u00bbinitial\u00bb background_position=\u00bbtop_left\u00bb background_repeat=\u00bbrepeat\u00bb use_border_color=\u00bboff\u00bb]<\/p>\n<h3><span style=\"color: #da291c;\">D\u00eda:\u00a0<\/span> domingo 26 abril 2020<\/h3>\n<h3><span style=\"color: #da291c;\">Hora de salida\u00a0<\/span> 09:00h<\/h3>\n<h3><span style=\"color: #da291c;\">Punto de salida\u00a0<\/span>Avinguda Marqu\u00e8s de l&#8217;Argentera<\/h3>\n<p>[\/et_pb_text][\/et_pb_column][et_pb_column type=\u00bb1_3&#8243; _builder_version=\u00bb3.25&#8243; custom_padding=\u00bb|||\u00bb custom_padding__hover=\u00bb|||\u00bb][\/et_pb_column][\/et_pb_row][\/et_pb_section][et_pb_section fb_built=\u00bb1&#8243; custom_padding_last_edited=\u00bbon|desktop\u00bb disabled_on=\u00bboff|off|off\u00bb _builder_version=\u00bb3.22&#8243; background_color=\u00bb#f2f2f2&#8243; custom_padding_tablet=\u00bb50px|0|50px|0&#8243; custom_padding_phone=\u00bb\u00bb transparent_background=\u00bboff\u00bb padding_mobile=\u00bboff\u00bb make_fullwidth=\u00bboff\u00bb use_custom_width=\u00bboff\u00bb width_unit=\u00bbon\u00bb][et_pb_row column_structure=\u00bb1_3,2_3&#8243; _builder_version=\u00bb3.25&#8243; background_size=\u00bbinitial\u00bb background_position=\u00bbtop_left\u00bb background_repeat=\u00bbrepeat\u00bb][et_pb_column type=\u00bb1_3&#8243; _builder_version=\u00bb3.25&#8243; custom_padding=\u00bb|||\u00bb custom_padding__hover=\u00bb|||\u00bb][et_pb_image src=\u00bbhttp:\/\/cursadebombers.barcelona\/wp-content\/uploads\/2019\/10\/samarretes.jpg\u00bb align_tablet=\u00bbcenter\u00bb align_phone=\u00bb\u00bb align_last_edited=\u00bbon|desktop\u00bb _builder_version=\u00bb3.29.2&#8243; animation_style=\u00bbslide\u00bb animation_direction=\u00bbleft\u00bb animation_duration=\u00bb500ms\u00bb animation_intensity_slide=\u00bb10%\u00bb use_border_color=\u00bboff\u00bb always_center_on_mobile=\u00bbon\u00bb][\/et_pb_image][et_pb_image src=\u00bbhttp:\/\/cursadebombers.barcelona\/wp-content\/uploads\/2019\/10\/mapa_fira_cbb.jpg\u00bb url=\u00bbhttps:\/\/www.google.es\/maps\/place\/Mercat+Sagrada+Fam%C3%ADlia+%2F+Mallorca+(B:SM)\/@41.4048353,2.1765421,16.51z\/data=!4m5!3m4!1s0x12a4a2dc6372332d:0xc466d3e8a54a9c64!8m2!3d41.405065!4d2.1770523&#8243; url_new_window=\u00bbon\u00bb align_tablet=\u00bbcenter\u00bb align_phone=\u00bb\u00bb align_last_edited=\u00bbon|desktop\u00bb _builder_version=\u00bb3.29.2&#8243; always_center_on_mobile=\u00bbon\u00bb][\/et_pb_image][\/et_pb_column][et_pb_column type=\u00bb2_3&#8243; _builder_version=\u00bb3.25&#8243; custom_padding=\u00bb|||\u00bb custom_padding__hover=\u00bb|||\u00bb][et_pb_text _builder_version=\u00bb4.0.6&#8243; background_size=\u00bbinitial\u00bb background_position=\u00bbtop_left\u00bb background_repeat=\u00bbrepeat\u00bb use_border_color=\u00bboff\u00bb]<\/p>\n<h2 style=\"text-align: left;\">RECOGE TU CAMISETA Y DORSAL EN LA FERIA DEL CORREDOR<\/h2>\n<p>&nbsp;<\/p>\n<h3 style=\"text-align: left;\"><span style=\"color: #da291c;\">Lugar<\/span><\/h3>\n<p style=\"text-align: left;\">Mercado de la Sagrada Familia: <a href=\"https:\/\/goo.gl\/maps\/ZgHpDdDcJiUjprQA9\">https:\/\/goo.gl\/maps\/ZgHpDdDcJiUjprQA9<\/a><\/p>\n<h3 style=\"text-align: left;\"><span style=\"color: #da291c;\">D\u00eda y hora<\/span><\/h3>\n<p style=\"text-align: left;\">jueves 23 abril de 15h a 20h<\/p>\n<p style=\"text-align: left;\">viernes 24 y s\u00e1bado 25 abril de 9h a 15h y de 15h a 20h<\/p>\n<h3 style=\"text-align: left;\"><span style=\"color: #da291c;\">Recuerda que para recogerlo todo necesitar\u00e1s<\/span><\/h3>\n<p>\u2013 DNI<br \/>\u2013 Comprobante de inscripci\u00f3n<\/p>\n<p>*En el caso que no puedas venir deber\u00e1s dar a la persona que recoger\u00e1 el dorsal en tu nombre una fotocopia DNI y comprobante de inscripci\u00f3n.<\/p>\n<p>[\/et_pb_text][\/et_pb_column][\/et_pb_row][\/et_pb_section][et_pb_section fb_built=\u00bb1&#8243; custom_padding_last_edited=\u00bbon|desktop\u00bb _builder_version=\u00bb3.22&#8243; background_color=\u00bb#f2f2f2&#8243; custom_padding_tablet=\u00bb50px|0|50px|0&#8243; custom_padding_phone=\u00bb\u00bb transparent_background=\u00bboff\u00bb padding_mobile=\u00bboff\u00bb make_fullwidth=\u00bboff\u00bb use_custom_width=\u00bboff\u00bb width_unit=\u00bbon\u00bb][et_pb_row disabled_on=\u00bboff|off|off\u00bb _builder_version=\u00bb3.25&#8243; background_size=\u00bbinitial\u00bb background_position=\u00bbtop_left\u00bb background_repeat=\u00bbrepeat\u00bb][et_pb_column type=\u00bb4_4&#8243; _builder_version=\u00bb3.25&#8243; custom_padding=\u00bb|||\u00bb custom_padding__hover=\u00bb|||\u00bb][et_pb_text _builder_version=\u00bb3.29.2&#8243; background_size=\u00bbinitial\u00bb background_position=\u00bbtop_left\u00bb background_repeat=\u00bbrepeat\u00bb use_border_color=\u00bboff\u00bb]<\/p>\n<h2>GUARDARROPA<\/h2>\n<p>[\/et_pb_text][\/et_pb_column][\/et_pb_row][et_pb_row column_structure=\u00bb1_2,1_2&#8243; _builder_version=\u00bb3.25&#8243; background_size=\u00bbinitial\u00bb background_position=\u00bbtop_left\u00bb background_repeat=\u00bbrepeat\u00bb][et_pb_column type=\u00bb1_2&#8243; _builder_version=\u00bb3.25&#8243; custom_padding=\u00bb|||\u00bb custom_padding__hover=\u00bb|||\u00bb][et_pb_text _builder_version=\u00bb3.27.4&#8243; background_size=\u00bbinitial\u00bb background_position=\u00bbtop_left\u00bb background_repeat=\u00bbrepeat\u00bb use_border_color=\u00bboff\u00bb]<\/p>\n<h3 style=\"text-align: left;\"><span style=\"color: #da291c;\">Horario de recogida<br \/>\n<\/span><\/h3>\n<p style=\"text-align: left;\">10:00 a 13:00h<\/p>\n<h3 style=\"text-align: left;\"><span style=\"color: #da291c;\">Funcionamiento<\/span><\/h3>\n<p>-Acceso: Entrada CEM Ciutadella situada en la esquina Passeig Picasso con Marqu\u00e8s de l&#8217;Argentera.<\/p>\n<p>-Ser\u00e1 obligatorio venir cambiado y con la bolsa preparada para entregar al equipo de guardarropa para poder acceder al espacio habilitado.<br \/>\n[\/et_pb_text][et_pb_image src=\u00bbhttp:\/\/cursadebombers.barcelona\/wp-content\/uploads\/2019\/10\/Captura-de-Pantalla-2019-10-17-a-les-17.33.59.png\u00bb align_tablet=\u00bbcenter\u00bb align_phone=\u00bb\u00bb align_last_edited=\u00bbon|desktop\u00bb _builder_version=\u00bb3.29.2&#8243; always_center_on_mobile=\u00bbon\u00bb][\/et_pb_image][\/et_pb_column][et_pb_column type=\u00bb1_2&#8243; _builder_version=\u00bb3.25&#8243; custom_padding=\u00bb|||\u00bb custom_padding__hover=\u00bb|||\u00bb][et_pb_text _builder_version=\u00bb3.27.4&#8243; background_size=\u00bbinitial\u00bb background_position=\u00bbtop_left\u00bb background_repeat=\u00bbrepeat\u00bb use_border_color=\u00bboff\u00bb]<\/p>\n<h3><span style=\"color: #da291c;\">Ubicaci\u00f3n<br \/>\n<\/span><\/h3>\n<p style=\"text-align: left;\">CEM Ciutadella: pabell\u00f3n y pista exterior.<\/p>\n<h3 style=\"text-align: left;\"><span style=\"color: #da291c;\">Horario de entrega<\/span><\/h3>\n<p>07:30 a 8:45h<\/p>\n<p>Recomendamos no esperar a \u00faltimo momento para evitar aglomeraciones y llegar a tiempo a tu caj\u00f3n de salida.<\/p>\n<p>&nbsp;<br \/>\n[\/et_pb_text][et_pb_image src=\u00bbhttp:\/\/cursadebombers.barcelona\/wp-content\/uploads\/2016\/10\/8B9C3144.jpg\u00bb align_tablet=\u00bbcenter\u00bb align_phone=\u00bb\u00bb align_last_edited=\u00bbon|desktop\u00bb _builder_version=\u00bb3.29.2&#8243; always_center_on_mobile=\u00bbon\u00bb][\/et_pb_image][\/et_pb_column][\/et_pb_row][\/et_pb_section]<\/p>\n","protected":false},"excerpt":{"rendered":"<p>INFORMACI\u00d3N IMPORTANTE D\u00eda:\u00a0 domingo 26 abril 2020 Hora de salida\u00a0 09:00h Punto de salida\u00a0Avinguda Marqu\u00e8s de l&#8217;ArgenteraRECOGE TU CAMISETA Y DORSAL EN LA FERIA DEL CORREDOR &nbsp; Lugar Mercado de la Sagrada Familia: https:\/\/goo.gl\/maps\/ZgHpDdDcJiUjprQA9 D\u00eda y hora jueves 23 abril de 15h a 20h viernes 24 y s\u00e1bado 25 abril de 9h a 15h y [&hellip;]<\/p>\n","protected":false},"author":1,"featured_media":0,"parent":0,"menu_order":0,"comment_status":"closed","ping_status":"closed","template":"","meta":{"_et_pb_use_builder":"on","_et_pb_old_content":"","_et_gb_content_width":"","footnotes":""},"class_list":["post-1073","page","type-page","status-publish","hentry"],"yoast_head":"<!-- This site is optimized with the Yoast SEO plugin v27.2 - https:\/\/yoast.com\/product\/yoast-seo-wordpress\/ -->\n<title>Informaci\u00f3n importante Cursa Bombers Barcelona 2019<\/title>\n<meta name=\"robots\" content=\"index, follow, max-snippet:-1, max-image-preview:large, max-video-preview:-1\" \/>\n<link rel=\"canonical\" href=\"https:\/\/cursadebombers.barcelona\/informacio-important\/\" \/>\n<meta property=\"og:locale\" content=\"es_ES\" \/>\n<meta property=\"og:type\" content=\"article\" \/>\n<meta property=\"og:title\" content=\"Informaci\u00f3n importante Cursa Bombers Barcelona 2019\" \/>\n<meta property=\"og:description\" content=\"INFORMACI\u00d3N IMPORTANTE D\u00eda:\u00a0 domingo 26 abril 2020 Hora de salida\u00a0 09:00h Punto de salida\u00a0Avinguda Marqu\u00e8s de l&#039;ArgenteraRECOGE TU CAMISETA Y DORSAL EN LA FERIA DEL CORREDOR &nbsp; Lugar Mercado de la Sagrada Familia: https:\/\/goo.gl\/maps\/ZgHpDdDcJiUjprQA9 D\u00eda y hora jueves 23 abril de 15h a 20h viernes 24 y s\u00e1bado 25 abril de 9h a 15h y [&hellip;]\" \/>\n<meta property=\"og:url\" content=\"https:\/\/cursadebombers.barcelona\/informacio-important\/\" \/>\n<meta property=\"og:site_name\" content=\"Cursa de Bombers\" \/>\n<meta property=\"article:publisher\" content=\"https:\/\/www.facebook.com\/CursadeBombers\/\" \/>\n<meta property=\"article:modified_time\" content=\"2020-02-17T18:01:11+00:00\" \/>\n<meta name=\"twitter:card\" content=\"summary_large_image\" \/>\n<meta name=\"twitter:site\" content=\"@cursadebombers\" \/>\n<meta name=\"twitter:label1\" content=\"Tiempo de lectura\" \/>\n\t<meta name=\"twitter:data1\" content=\"4 minutos\" \/>\n<script type=\"application\/ld+json\" class=\"yoast-schema-graph\">{\"@context\":\"https:\/\/schema.org\",\"@graph\":[{\"@type\":\"WebPage\",\"@id\":\"https:\/\/cursadebombers.barcelona\/informacio-important\/\",\"url\":\"https:\/\/cursadebombers.barcelona\/informacio-important\/\",\"name\":\"Informaci\u00f3n importante Cursa Bombers Barcelona 2019\",\"isPartOf\":{\"@id\":\"https:\/\/cursadebombers.barcelona\/#website\"},\"datePublished\":\"2016-10-27T10:16:06+00:00\",\"dateModified\":\"2020-02-17T18:01:11+00:00\",\"breadcrumb\":{\"@id\":\"https:\/\/cursadebombers.barcelona\/informacio-important\/#breadcrumb\"},\"inLanguage\":\"es\",\"potentialAction\":[{\"@type\":\"ReadAction\",\"target\":[\"https:\/\/cursadebombers.barcelona\/informacio-important\/\"]}]},{\"@type\":\"BreadcrumbList\",\"@id\":\"https:\/\/cursadebombers.barcelona\/informacio-important\/#breadcrumb\",\"itemListElement\":[{\"@type\":\"ListItem\",\"position\":1,\"name\":\"Inici\",\"item\":\"https:\/\/cursadebombers.barcelona\/\"},{\"@type\":\"ListItem\",\"position\":2,\"name\":\"Informaci\u00f3n Importante\"}]},{\"@type\":\"WebSite\",\"@id\":\"https:\/\/cursadebombers.barcelona\/#website\",\"url\":\"https:\/\/cursadebombers.barcelona\/\",\"name\":\"Cursa de Bombers\",\"description\":\"La Cursa dels Bombers de Barcelona.\",\"publisher\":{\"@id\":\"https:\/\/cursadebombers.barcelona\/#organization\"},\"potentialAction\":[{\"@type\":\"SearchAction\",\"target\":{\"@type\":\"EntryPoint\",\"urlTemplate\":\"https:\/\/cursadebombers.barcelona\/?s={search_term_string}\"},\"query-input\":{\"@type\":\"PropertyValueSpecification\",\"valueRequired\":true,\"valueName\":\"search_term_string\"}}],\"inLanguage\":\"es\"},{\"@type\":\"Organization\",\"@id\":\"https:\/\/cursadebombers.barcelona\/#organization\",\"name\":\"Cursa de Bombers\",\"url\":\"https:\/\/cursadebombers.barcelona\/\",\"logo\":{\"@type\":\"ImageObject\",\"inLanguage\":\"es\",\"@id\":\"https:\/\/cursadebombers.barcelona\/#\/schema\/logo\/image\/\",\"url\":\"https:\/\/cursadebombers.barcelona\/wp-content\/uploads\/2025\/06\/logo-cursa-bombers-app.png\",\"contentUrl\":\"https:\/\/cursadebombers.barcelona\/wp-content\/uploads\/2025\/06\/logo-cursa-bombers-app.png\",\"width\":512,\"height\":512,\"caption\":\"Cursa de Bombers\"},\"image\":{\"@id\":\"https:\/\/cursadebombers.barcelona\/#\/schema\/logo\/image\/\"},\"sameAs\":[\"https:\/\/www.facebook.com\/CursadeBombers\/\",\"https:\/\/x.com\/cursadebombers\",\"https:\/\/www.instagram.com\/cursadebombers\/\"]}]}<\/script>\n<!-- \/ Yoast SEO plugin. -->","yoast_head_json":{"title":"Informaci\u00f3n importante Cursa Bombers Barcelona 2019","robots":{"index":"index","follow":"follow","max-snippet":"max-snippet:-1","max-image-preview":"max-image-preview:large","max-video-preview":"max-video-preview:-1"},"canonical":"https:\/\/cursadebombers.barcelona\/informacio-important\/","og_locale":"es_ES","og_type":"article","og_title":"Informaci\u00f3n importante Cursa Bombers Barcelona 2019","og_description":"INFORMACI\u00d3N IMPORTANTE D\u00eda:\u00a0 domingo 26 abril 2020 Hora de salida\u00a0 09:00h Punto de salida\u00a0Avinguda Marqu\u00e8s de l'ArgenteraRECOGE TU CAMISETA Y DORSAL EN LA FERIA DEL CORREDOR &nbsp; Lugar Mercado de la Sagrada Familia: https:\/\/goo.gl\/maps\/ZgHpDdDcJiUjprQA9 D\u00eda y hora jueves 23 abril de 15h a 20h viernes 24 y s\u00e1bado 25 abril de 9h a 15h y [&hellip;]","og_url":"https:\/\/cursadebombers.barcelona\/informacio-important\/","og_site_name":"Cursa de Bombers","article_publisher":"https:\/\/www.facebook.com\/CursadeBombers\/","article_modified_time":"2020-02-17T18:01:11+00:00","twitter_card":"summary_large_image","twitter_site":"@cursadebombers","twitter_misc":{"Tiempo de lectura":"4 minutos"},"schema":{"@context":"https:\/\/schema.org","@graph":[{"@type":"WebPage","@id":"https:\/\/cursadebombers.barcelona\/informacio-important\/","url":"https:\/\/cursadebombers.barcelona\/informacio-important\/","name":"Informaci\u00f3n importante Cursa Bombers Barcelona 2019","isPartOf":{"@id":"https:\/\/cursadebombers.barcelona\/#website"},"datePublished":"2016-10-27T10:16:06+00:00","dateModified":"2020-02-17T18:01:11+00:00","breadcrumb":{"@id":"https:\/\/cursadebombers.barcelona\/informacio-important\/#breadcrumb"},"inLanguage":"es","potentialAction":[{"@type":"ReadAction","target":["https:\/\/cursadebombers.barcelona\/informacio-important\/"]}]},{"@type":"BreadcrumbList","@id":"https:\/\/cursadebombers.barcelona\/informacio-important\/#breadcrumb","itemListElement":[{"@type":"ListItem","position":1,"name":"Inici","item":"https:\/\/cursadebombers.barcelona\/"},{"@type":"ListItem","position":2,"name":"Informaci\u00f3n Importante"}]},{"@type":"WebSite","@id":"https:\/\/cursadebombers.barcelona\/#website","url":"https:\/\/cursadebombers.barcelona\/","name":"Cursa de Bombers","description":"La Cursa dels Bombers de Barcelona.","publisher":{"@id":"https:\/\/cursadebombers.barcelona\/#organization"},"potentialAction":[{"@type":"SearchAction","target":{"@type":"EntryPoint","urlTemplate":"https:\/\/cursadebombers.barcelona\/?s={search_term_string}"},"query-input":{"@type":"PropertyValueSpecification","valueRequired":true,"valueName":"search_term_string"}}],"inLanguage":"es"},{"@type":"Organization","@id":"https:\/\/cursadebombers.barcelona\/#organization","name":"Cursa de Bombers","url":"https:\/\/cursadebombers.barcelona\/","logo":{"@type":"ImageObject","inLanguage":"es","@id":"https:\/\/cursadebombers.barcelona\/#\/schema\/logo\/image\/","url":"https:\/\/cursadebombers.barcelona\/wp-content\/uploads\/2025\/06\/logo-cursa-bombers-app.png","contentUrl":"https:\/\/cursadebombers.barcelona\/wp-content\/uploads\/2025\/06\/logo-cursa-bombers-app.png","width":512,"height":512,"caption":"Cursa de Bombers"},"image":{"@id":"https:\/\/cursadebombers.barcelona\/#\/schema\/logo\/image\/"},"sameAs":["https:\/\/www.facebook.com\/CursadeBombers\/","https:\/\/x.com\/cursadebombers","https:\/\/www.instagram.com\/cursadebombers\/"]}]}},"_links":{"self":[{"href":"https:\/\/cursadebombers.barcelona\/es\/wp-json\/wp\/v2\/pages\/1073","targetHints":{"allow":["GET"]}}],"collection":[{"href":"https:\/\/cursadebombers.barcelona\/es\/wp-json\/wp\/v2\/pages"}],"about":[{"href":"https:\/\/cursadebombers.barcelona\/es\/wp-json\/wp\/v2\/types\/page"}],"author":[{"embeddable":true,"href":"https:\/\/cursadebombers.barcelona\/es\/wp-json\/wp\/v2\/users\/1"}],"replies":[{"embeddable":true,"href":"https:\/\/cursadebombers.barcelona\/es\/wp-json\/wp\/v2\/comments?post=1073"}],"version-history":[{"count":5,"href":"https:\/\/cursadebombers.barcelona\/es\/wp-json\/wp\/v2\/pages\/1073\/revisions"}],"predecessor-version":[{"id":3870,"href":"https:\/\/cursadebombers.barcelona\/es\/wp-json\/wp\/v2\/pages\/1073\/revisions\/3870"}],"wp:attachment":[{"href":"https:\/\/cursadebombers.barcelona\/es\/wp-json\/wp\/v2\/media?parent=1073"}],"curies":[{"name":"wp","href":"https:\/\/api.w.org\/{rel}","templated":true}]}}