{"id":10665,"date":"2024-04-05T10:37:37","date_gmt":"2024-04-05T10:37:37","guid":{"rendered":"https:\/\/cursadebombers.barcelona\/inscripciones-vueling-cursa-bombers-2024\/"},"modified":"2025-04-09T16:01:39","modified_gmt":"2025-04-09T16:01:39","slug":"resultados-vueling-cursa-bombers","status":"publish","type":"page","link":"https:\/\/cursadebombers.barcelona\/es\/resultados-vueling-cursa-bombers\/","title":{"rendered":"Inscripciones Vueling Cursa Bombers Barcelon"},"content":{"rendered":"<p>[et_pb_section fb_built=\u00bb1&#8243; fullwidth=\u00bbon\u00bb _builder_version=\u00bb4.23.1&#8243; background_color=\u00bb#ffffff\u00bb background_image=\u00bbhttps:\/\/cursadebombers.barcelona\/wp-content\/uploads\/2024\/04\/FONDO_1712x250px.jpg\u00bb global_colors_info=\u00bb{}\u00bb][et_pb_fullwidth_header title=\u00bbResultados Vueling Cursa Bombers Barcelona 2024&#8243; text_orientation=\u00bbcenter\u00bb _builder_version=\u00bb4.27.0&#8243; background_color=\u00bbrgba(255, 255, 255, 0)\u00bb max_width_tablet=\u00bb50px\u00bb global_colors_info=\u00bb{}\u00bb button_one_text_size__hover_enabled=\u00bboff\u00bb button_one_text_size__hover=\u00bbnull\u00bb button_two_text_size__hover_enabled=\u00bboff\u00bb button_two_text_size__hover=\u00bbnull\u00bb button_one_text_color__hover_enabled=\u00bboff\u00bb button_one_text_color__hover=\u00bbnull\u00bb button_two_text_color__hover_enabled=\u00bboff\u00bb button_two_text_color__hover=\u00bbnull\u00bb button_one_border_width__hover_enabled=\u00bboff\u00bb button_one_border_width__hover=\u00bbnull\u00bb button_two_border_width__hover_enabled=\u00bboff\u00bb button_two_border_width__hover=\u00bbnull\u00bb button_one_border_color__hover_enabled=\u00bboff\u00bb button_one_border_color__hover=\u00bbnull\u00bb button_two_border_color__hover_enabled=\u00bboff\u00bb button_two_border_color__hover=\u00bbnull\u00bb button_one_border_radius__hover_enabled=\u00bboff\u00bb button_one_border_radius__hover=\u00bbnull\u00bb button_two_border_radius__hover_enabled=\u00bboff\u00bb button_two_border_radius__hover=\u00bbnull\u00bb button_one_letter_spacing__hover_enabled=\u00bboff\u00bb button_one_letter_spacing__hover=\u00bbnull\u00bb button_two_letter_spacing__hover_enabled=\u00bboff\u00bb button_two_letter_spacing__hover=\u00bbnull\u00bb button_one_bg_color__hover_enabled=\u00bboff\u00bb button_one_bg_color__hover=\u00bbnull\u00bb button_two_bg_color__hover_enabled=\u00bboff\u00bb button_two_bg_color__hover=\u00bbnull\u00bb][\/et_pb_fullwidth_header][\/et_pb_section][et_pb_section fb_built=\u00bb1&#8243; custom_padding_last_edited=\u00bbon|phone\u00bb admin_label=\u00bbsection\u00bb _builder_version=\u00bb4.23.1&#8243; custom_padding=\u00bb40px||40px||false|false\u00bb custom_padding_tablet=\u00bb40px||40px||false|false\u00bb custom_padding_phone=\u00bb|0px||0px|false|false\u00bb global_colors_info=\u00bb{}\u00bb][et_pb_row custom_padding_last_edited=\u00bbon|phone\u00bb _builder_version=\u00bb4.23.1&#8243; background_size=\u00bbinitial\u00bb background_position=\u00bbtop_left\u00bb background_repeat=\u00bbrepeat\u00bb custom_padding_tablet=\u00bb\u00bb custom_padding_phone=\u00bb|0px||0px|false|false\u00bb global_colors_info=\u00bb{}\u00bb][et_pb_column type=\u00bb4_4&#8243; _builder_version=\u00bb4.16&#8243; custom_padding=\u00bb|||\u00bb global_colors_info=\u00bb{}\u00bb custom_padding__hover=\u00bb|||\u00bb][et_pb_text _builder_version=\u00bb4.27.0&#8243; _module_preset=\u00bbdefault\u00bb text_orientation=\u00bbcenter\u00bb width=\u00bb67%\u00bb width_tablet=\u00bb100%\u00bb width_phone=\u00bb100%\u00bb width_last_edited=\u00bbon|phone\u00bb text_font_size_tablet=\u00bb\u00bb text_font_size_phone=\u00bb18px\u00bb text_font_size_last_edited=\u00bbon|phone\u00bb global_colors_info=\u00bb{}\u00bb]<\/p>\n<p>Gracias a todos los\/las runners hab\u00e9is corrido en esta edici\u00f3n de la Vueling Cursa Bombers de Barcelona.<\/p>\n<p>Resultados<a href=\"https:\/\/sportmaniacs.com\/races\/cursa-de-bombers-2024\" target=\"_blank\" rel=\"noopener\"> aqu\u00ed<\/a>.<\/p>\n<p>[\/et_pb_text][et_pb_button button_text=\u00bbSOLD OUT\u00bb button_alignment=\u00bbcenter\u00bb disabled_on=\u00bbon|on|on\u00bb _builder_version=\u00bb4.27.0&#8243; _module_preset=\u00bbdefault\u00bb transform_scale=\u00bb150%|150%\u00bb disabled=\u00bbon\u00bb global_colors_info=\u00bb{}\u00bb][\/et_pb_button][et_pb_image src=\u00bbhttps:\/\/cursadebombers.barcelona\/wp-content\/uploads\/2024\/10\/SOLD-OUT-ESP.jpg\u00bb alt=\u00bbinscripciones vueling cursa bombers\u00bb title_text=\u00bbSOLD OUT ESP\u00bb align=\u00bbcenter\u00bb disabled_on=\u00bbon|on|on\u00bb _builder_version=\u00bb4.27.0&#8243; _module_preset=\u00bbdefault\u00bb width=\u00bb70%\u00bb width_tablet=\u00bb100%\u00bb width_phone=\u00bb100%\u00bb width_last_edited=\u00bbon|desktop\u00bb disabled=\u00bbon\u00bb global_colors_info=\u00bb{}\u00bb][\/et_pb_image][et_pb_text disabled_on=\u00bbon|on|on\u00bb _builder_version=\u00bb4.27.0&#8243; _module_preset=\u00bbdefault\u00bb text_orientation=\u00bbcenter\u00bb width=\u00bb67%\u00bb width_tablet=\u00bb100%\u00bb width_phone=\u00bb100%\u00bb width_last_edited=\u00bbon|phone\u00bb text_font_size_tablet=\u00bb\u00bb text_font_size_phone=\u00bb18px\u00bb text_font_size_last_edited=\u00bbon|phone\u00bb disabled=\u00bbon\u00bb global_colors_info=\u00bb{}\u00bb]<\/p>\n<p><strong>\u00a15.000 dorsales del segundo tramo (17\u20ac) AGOTADOS!<br \/>Disponibles dorsales del tercer y \u00faltimo tramo (19\u20ac) hasta el 2 de noviembre o hasta agotar los 5.000 dorsales de este \u00faltimo tramo.<\/strong><\/p>\n<p>[\/et_pb_text][\/et_pb_column][\/et_pb_row][\/et_pb_section][et_pb_section fb_built=\u00bb1&#8243; custom_padding_last_edited=\u00bbon|desktop\u00bb disabled_on=\u00bbon|on|on\u00bb admin_label=\u00bbsection\u00bb _builder_version=\u00bb4.23.1&#8243; background_image=\u00bbhttps:\/\/cursadebombers.barcelona\/wp-content\/uploads\/2024\/04\/FONDO_1712x250px.jpg\u00bb custom_margin=\u00bb||||false|false\u00bb custom_padding=\u00bb0px||0px||false|false\u00bb custom_padding_tablet=\u00bb0px||0px||false|false\u00bb custom_padding_phone=\u00bb0px||0px||false|false\u00bb disabled=\u00bbon\u00bb global_colors_info=\u00bb{}\u00bb][et_pb_row _builder_version=\u00bb4.23.1&#8243; background_size=\u00bbinitial\u00bb background_position=\u00bbtop_left\u00bb background_repeat=\u00bbrepeat\u00bb global_colors_info=\u00bb{}\u00bb][et_pb_column type=\u00bb4_4&#8243; _builder_version=\u00bb4.16&#8243; custom_padding=\u00bb|||\u00bb global_colors_info=\u00bb{}\u00bb custom_padding__hover=\u00bb|||\u00bb][et_pb_text _builder_version=\u00bb4.23.1&#8243; _module_preset=\u00bbdefault\u00bb text_text_color=\u00bb#FFFFFF\u00bb text_orientation=\u00bbcenter\u00bb width=\u00bb80%\u00bb width_tablet=\u00bb100%\u00bb width_phone=\u00bb100%\u00bb width_last_edited=\u00bbon|phone\u00bb text_font_size_tablet=\u00bb\u00bb text_font_size_phone=\u00bb18px\u00bb text_font_size_last_edited=\u00bbon|desktop\u00bb global_colors_info=\u00bb{}\u00bb]<\/p>\n<p>*Runner info importante: La cursa introduce un nuevo sistema de cronometraje. Este a\u00f1o el chip de alquiler estar\u00e1 incluido sin coste en todas las inscripciones. Este chip deber\u00e1 retornarse una vez finalizada la carrera.<\/p>\n<p>[\/et_pb_text][\/et_pb_column][\/et_pb_row][\/et_pb_section][et_pb_section fb_built=\u00bb1&#8243; custom_padding_last_edited=\u00bbon|desktop\u00bb disabled_on=\u00bbon|on|on\u00bb admin_label=\u00bbsection\u00bb _builder_version=\u00bb4.23.1&#8243; width=\u00bb70%\u00bb module_alignment=\u00bbcenter\u00bb custom_padding=\u00bb40px||40px||false|false\u00bb custom_padding_tablet=\u00bb40px||40px||false|false\u00bb custom_padding_phone=\u00bb40px||40px||false|false\u00bb disabled=\u00bbon\u00bb global_colors_info=\u00bb{}\u00bb][et_pb_row _builder_version=\u00bb4.23.1&#8243; background_color=\u00bb#f0f0f0&#8243; background_size=\u00bbinitial\u00bb background_position=\u00bbtop_left\u00bb background_repeat=\u00bbrepeat\u00bb custom_margin=\u00bb||||false|false\u00bb custom_padding=\u00bb20px|20px|20px|20px|false|false\u00bb border_width_all=\u00bb2px\u00bb border_color_all=\u00bb#f0f0f0&#8243; global_colors_info=\u00bb{}\u00bb][et_pb_column type=\u00bb4_4&#8243; _builder_version=\u00bb4.16&#8243; custom_padding=\u00bb|||\u00bb global_colors_info=\u00bb{}\u00bb custom_padding__hover=\u00bb|||\u00bb][et_pb_text _builder_version=\u00bb4.23.1&#8243; _module_preset=\u00bbdefault\u00bb width=\u00bb67%\u00bb global_colors_info=\u00bb{}\u00bb]<\/p>\n<p><strong>Tarifa b\u00e0sica<\/strong><\/p>\n<p>[\/et_pb_text][\/et_pb_column][\/et_pb_row][et_pb_row _builder_version=\u00bb4.23.1&#8243; background_enable_color=\u00bboff\u00bb background_size=\u00bbinitial\u00bb background_position=\u00bbtop_left\u00bb background_repeat=\u00bbrepeat\u00bb custom_margin=\u00bb||||false|false\u00bb custom_padding=\u00bb20px|20px|20px|20px|false|false\u00bb border_width_all=\u00bb2px\u00bb border_color_all=\u00bb#f0f0f0&#8243; global_colors_info=\u00bb{}\u00bb][et_pb_column type=\u00bb4_4&#8243; _builder_version=\u00bb4.16&#8243; custom_padding=\u00bb|||\u00bb global_colors_info=\u00bb{}\u00bb custom_padding__hover=\u00bb|||\u00bb][et_pb_image src=\u00bbhttps:\/\/cursadebombers.barcelona\/wp-content\/uploads\/2024\/03\/Sin-titulo.png\u00bb title_text=\u00bbSin t\u00edtulo\u00bb _builder_version=\u00bb4.23.1&#8243; _module_preset=\u00bbdefault\u00bb global_colors_info=\u00bb{}\u00bb][\/et_pb_image][\/et_pb_column][\/et_pb_row][et_pb_row column_structure=\u00bb1_2,1_2&#8243; make_equal=\u00bbon\u00bb _builder_version=\u00bb4.23.1&#8243; background_enable_color=\u00bboff\u00bb background_size=\u00bbinitial\u00bb background_position=\u00bbtop_left\u00bb background_repeat=\u00bbrepeat\u00bb custom_margin=\u00bb||||false|false\u00bb custom_padding=\u00bb20px|20px|20px|20px|false|false\u00bb custom_css_main_element=\u00bbalign-items: center;\u00bb border_width_all=\u00bb2px\u00bb border_color_all=\u00bb#f0f0f0&#8243; border_width_top=\u00bb0px\u00bb global_colors_info=\u00bb{}\u00bb][et_pb_column type=\u00bb1_2&#8243; _builder_version=\u00bb4.16&#8243; custom_padding=\u00bb|||\u00bb global_colors_info=\u00bb{}\u00bb custom_padding__hover=\u00bb|||\u00bb][et_pb_text _builder_version=\u00bb4.23.1&#8243; _module_preset=\u00bbdefault\u00bb text_text_color=\u00bb#E02B20&#8243; width=\u00bb67%\u00bb global_colors_info=\u00bb{}\u00bb]<\/p>\n<p>Preu: <strong>15,00 \u20ac<\/strong><\/p>\n<p>[\/et_pb_text][\/et_pb_column][et_pb_column type=\u00bb1_2&#8243; _builder_version=\u00bb4.16&#8243; custom_padding=\u00bb|||\u00bb global_colors_info=\u00bb{}\u00bb custom_padding__hover=\u00bb|||\u00bb][et_pb_button button_text=\u00bbInscr\u00edbete\u00bb button_alignment=\u00bbright\u00bb _builder_version=\u00bb4.23.1&#8243; _module_preset=\u00bbdefault\u00bb custom_button=\u00bbon\u00bb button_text_color=\u00bb#FFFFFF\u00bb button_bg_color=\u00bb#E02B20&#8243; button_border_width=\u00bb0px\u00bb button_use_icon=\u00bboff\u00bb global_colors_info=\u00bb{}\u00bb][\/et_pb_button][\/et_pb_column][\/et_pb_row][\/et_pb_section][et_pb_section fb_built=\u00bb1&#8243; custom_padding_last_edited=\u00bbon|desktop\u00bb disabled_on=\u00bbon|on|on\u00bb admin_label=\u00bbsection\u00bb _builder_version=\u00bb4.23.1&#8243; custom_padding=\u00bb40px||20px||false|false\u00bb custom_padding_tablet=\u00bb40px||20px||false|false\u00bb custom_padding_phone=\u00bb40px||20px||false|false\u00bb disabled=\u00bbon\u00bb global_colors_info=\u00bb{}\u00bb][et_pb_row _builder_version=\u00bb4.23.1&#8243; background_size=\u00bbinitial\u00bb background_position=\u00bbtop_left\u00bb background_repeat=\u00bbrepeat\u00bb global_colors_info=\u00bb{}\u00bb][et_pb_column type=\u00bb4_4&#8243; _builder_version=\u00bb4.16&#8243; custom_padding=\u00bb|||\u00bb global_colors_info=\u00bb{}\u00bb custom_padding__hover=\u00bb|||\u00bb][et_pb_code _builder_version=\u00bb4.23.1&#8243; _module_preset=\u00bbdefault\u00bb global_colors_info=\u00bb{}\u00bb]<\/p>\n<div id ='dframe' style='width:100%; max-width:100%'><\/div>\n<p><!-- [et_pb_line_break_holder] --><!-- [et_pb_line_break_holder] --><script type='text\/javascript' src='https:\/\/rockthesportv2.blob.core.windows.net\/scripts\/pym.js'><\/script><!-- [et_pb_line_break_holder] --><!-- [et_pb_line_break_holder] --><script> var pymParent = new pym.Parent('dframe', 'https:\/\/www.rockthesport.com\/es\/evento\/vueling-cursa-bombers-barcelona\/inscripcion\/selecciona-tarifa?frm=0&men=0&tit=0', { }); <\/script><!-- [et_pb_line_break_holder] --><!-- [et_pb_line_break_holder] --><\/p>\n<div><pee style='width:100%; max-width:100%;color:#000000;font-size:16px;font-weight:bold;text-align:center;margin-bottom:30px;'>Si estas teniendo alg\u00fan problema para inscribirte <a style=\"color:#00a9e0;text-decoration:none;\" href=https:\/\/www.rockthesport.com\/es\/evento\/vueling-cursa-bombers-barcelona>pulsa aqu\u00ed<\/a><\/pee><\/div>\n<p>[\/et_pb_code][\/et_pb_column][\/et_pb_row][\/et_pb_section][et_pb_section fb_built=\u00bb1&#8243; custom_padding_last_edited=\u00bbon|desktop\u00bb disabled_on=\u00bbon|on|on\u00bb admin_label=\u00bbsection\u00bb _builder_version=\u00bb4.23.1&#8243; custom_padding=\u00bb20px||40px||false|false\u00bb custom_padding_tablet=\u00bb20px||40px||false|false\u00bb custom_padding_phone=\u00bb20px||40px||false|false\u00bb disabled=\u00bbon\u00bb locked=\u00bboff\u00bb global_colors_info=\u00bb{}\u00bb][et_pb_row _builder_version=\u00bb4.23.1&#8243; background_size=\u00bbinitial\u00bb background_position=\u00bbtop_left\u00bb background_repeat=\u00bbrepeat\u00bb global_colors_info=\u00bb{}\u00bb][et_pb_column type=\u00bb4_4&#8243; _builder_version=\u00bb4.16&#8243; custom_padding=\u00bb|||\u00bb global_colors_info=\u00bb{}\u00bb custom_padding__hover=\u00bb|||\u00bb][et_pb_button button_url=\u00bbhttps:\/\/www.rockthesport.com\/es\/evento\/vueling-cursa-bombers-barcelona\/consulta-inscritos\u00bb url_new_window=\u00bbon\u00bb button_text=\u00bbGestiona tu inscripci\u00f3n\u00bb button_alignment=\u00bbcenter\u00bb _builder_version=\u00bb4.23.1&#8243; _module_preset=\u00bbdefault\u00bb custom_button=\u00bbon\u00bb button_text_size=\u00bb25px\u00bb button_text_color=\u00bb#FFFFFF\u00bb button_bg_color=\u00bb#E02B20&#8243; button_border_width=\u00bb0px\u00bb button_border_radius=\u00bb100px\u00bb button_use_icon=\u00bboff\u00bb custom_margin=\u00bb||14px|||\u00bb button_text_size_tablet=\u00bb25px\u00bb button_text_size_phone=\u00bb20px\u00bb button_text_size_last_edited=\u00bbon|phone\u00bb global_colors_info=\u00bb{}\u00bb][\/et_pb_button][et_pb_button button_url=\u00bbhttps:\/\/cursadebombers.barcelona\/wp-content\/uploads\/2024\/04\/politica-devolucions-esp.pdf\u00bb url_new_window=\u00bbon\u00bb button_text=\u00bbPol\u00edtica de devoluciones\u00bb button_alignment=\u00bbcenter\u00bb _builder_version=\u00bb4.23.1&#8243; _module_preset=\u00bbdefault\u00bb custom_button=\u00bbon\u00bb button_text_size=\u00bb25px\u00bb button_text_color=\u00bb#FFFFFF\u00bb button_bg_color=\u00bb#828687&#8243; button_border_width=\u00bb0px\u00bb button_border_radius=\u00bb100px\u00bb button_use_icon=\u00bboff\u00bb custom_margin=\u00bb||14px|||\u00bb button_text_size_tablet=\u00bb25px\u00bb button_text_size_phone=\u00bb20px\u00bb button_text_size_last_edited=\u00bbon|phone\u00bb global_colors_info=\u00bb{}\u00bb][\/et_pb_button][et_pb_button button_url=\u00bbhttps:\/\/cursadebombers.barcelona\/wp-content\/uploads\/2024\/05\/REGLAMENT-VUELING-CURSA-BOMBERS-BARCELONA-2024-ESP.pdf\u00bb url_new_window=\u00bbon\u00bb button_text=\u00bbReglamento de la cursa\u00bb button_alignment=\u00bbcenter\u00bb _builder_version=\u00bb4.23.1&#8243; _module_preset=\u00bbdefault\u00bb custom_button=\u00bbon\u00bb button_text_size=\u00bb25px\u00bb button_text_color=\u00bb#FFFFFF\u00bb button_bg_color=\u00bb#828687&#8243; button_border_width=\u00bb0px\u00bb button_border_radius=\u00bb100px\u00bb button_use_icon=\u00bboff\u00bb custom_margin=\u00bb||14px||false|false\u00bb button_text_size_tablet=\u00bb25px\u00bb button_text_size_phone=\u00bb20px\u00bb button_text_size_last_edited=\u00bbon|phone\u00bb global_colors_info=\u00bb{}\u00bb][\/et_pb_button][\/et_pb_column][\/et_pb_row][\/et_pb_section]<\/p>\n","protected":false},"excerpt":{"rendered":"<p>Gracias a todos los\/las runners hab\u00e9is corrido en esta edici\u00f3n de la Vueling Cursa Bombers de Barcelona. Resultados aqu\u00ed.\u00a15.000 dorsales del segundo tramo (17\u20ac) AGOTADOS!Disponibles dorsales del tercer y \u00faltimo tramo (19\u20ac) hasta el 2 de noviembre o hasta agotar los 5.000 dorsales de este \u00faltimo tramo.*Runner info importante: La cursa introduce un nuevo sistema [&hellip;]<\/p>\n","protected":false},"author":1,"featured_media":0,"parent":0,"menu_order":0,"comment_status":"closed","ping_status":"closed","template":"","meta":{"_et_pb_use_builder":"on","_et_pb_old_content":"","_et_gb_content_width":"","footnotes":""},"class_list":["post-10665","page","type-page","status-publish","hentry"],"yoast_head":"<!-- This site is optimized with the Yoast SEO plugin v27.2 - https:\/\/yoast.com\/product\/yoast-seo-wordpress\/ -->\n<title>Inscripciones Vueling Cursa Bombers Barcelon<\/title>\n<meta name=\"description\" content=\"Resultados de la Vueling Cursa Bombers Barcelona del domingo 10 de noviembre de 2024.\" \/>\n<meta name=\"robots\" content=\"index, follow, max-snippet:-1, max-image-preview:large, max-video-preview:-1\" \/>\n<link rel=\"canonical\" href=\"https:\/\/cursadebombers.barcelona\/es\/resultados-vueling-cursa-bombers\/\" \/>\n<meta property=\"og:locale\" content=\"es_ES\" \/>\n<meta property=\"og:type\" content=\"article\" \/>\n<meta property=\"og:title\" content=\"Inscripciones Vueling Cursa Bombers Barcelon\" \/>\n<meta property=\"og:description\" content=\"Resultados de la Vueling Cursa Bombers Barcelona del domingo 10 de noviembre de 2024.\" \/>\n<meta property=\"og:url\" content=\"https:\/\/cursadebombers.barcelona\/es\/resultados-vueling-cursa-bombers\/\" \/>\n<meta property=\"og:site_name\" content=\"Cursa de Bombers\" \/>\n<meta property=\"article:publisher\" content=\"https:\/\/www.facebook.com\/CursadeBombers\/\" \/>\n<meta property=\"article:modified_time\" content=\"2025-04-09T16:01:39+00:00\" \/>\n<meta name=\"twitter:card\" content=\"summary_large_image\" \/>\n<meta name=\"twitter:site\" content=\"@cursadebombers\" \/>\n<meta name=\"twitter:label1\" content=\"Tiempo de lectura\" \/>\n\t<meta name=\"twitter:data1\" content=\"1 minuto\" \/>\n<script type=\"application\/ld+json\" class=\"yoast-schema-graph\">{\"@context\":\"https:\/\/schema.org\",\"@graph\":[{\"@type\":\"WebPage\",\"@id\":\"https:\/\/cursadebombers.barcelona\/es\/resultados-vueling-cursa-bombers\/\",\"url\":\"https:\/\/cursadebombers.barcelona\/es\/resultados-vueling-cursa-bombers\/\",\"name\":\"Inscripciones Vueling Cursa Bombers Barcelon\",\"isPartOf\":{\"@id\":\"https:\/\/cursadebombers.barcelona\/#website\"},\"datePublished\":\"2024-04-05T10:37:37+00:00\",\"dateModified\":\"2025-04-09T16:01:39+00:00\",\"description\":\"Resultados de la Vueling Cursa Bombers Barcelona del domingo 10 de noviembre de 2024.\",\"breadcrumb\":{\"@id\":\"https:\/\/cursadebombers.barcelona\/es\/resultados-vueling-cursa-bombers\/#breadcrumb\"},\"inLanguage\":\"es\",\"potentialAction\":[{\"@type\":\"ReadAction\",\"target\":[\"https:\/\/cursadebombers.barcelona\/es\/resultados-vueling-cursa-bombers\/\"]}]},{\"@type\":\"BreadcrumbList\",\"@id\":\"https:\/\/cursadebombers.barcelona\/es\/resultados-vueling-cursa-bombers\/#breadcrumb\",\"itemListElement\":[{\"@type\":\"ListItem\",\"position\":1,\"name\":\"Inici\",\"item\":\"https:\/\/cursadebombers.barcelona\/\"},{\"@type\":\"ListItem\",\"position\":2,\"name\":\"Inscripciones Vueling Cursa Bombers Barcelon\"}]},{\"@type\":\"WebSite\",\"@id\":\"https:\/\/cursadebombers.barcelona\/#website\",\"url\":\"https:\/\/cursadebombers.barcelona\/\",\"name\":\"Cursa de Bombers\",\"description\":\"La Cursa dels Bombers de Barcelona.\",\"publisher\":{\"@id\":\"https:\/\/cursadebombers.barcelona\/#organization\"},\"potentialAction\":[{\"@type\":\"SearchAction\",\"target\":{\"@type\":\"EntryPoint\",\"urlTemplate\":\"https:\/\/cursadebombers.barcelona\/?s={search_term_string}\"},\"query-input\":{\"@type\":\"PropertyValueSpecification\",\"valueRequired\":true,\"valueName\":\"search_term_string\"}}],\"inLanguage\":\"es\"},{\"@type\":\"Organization\",\"@id\":\"https:\/\/cursadebombers.barcelona\/#organization\",\"name\":\"Cursa de Bombers\",\"url\":\"https:\/\/cursadebombers.barcelona\/\",\"logo\":{\"@type\":\"ImageObject\",\"inLanguage\":\"es\",\"@id\":\"https:\/\/cursadebombers.barcelona\/#\/schema\/logo\/image\/\",\"url\":\"https:\/\/cursadebombers.barcelona\/wp-content\/uploads\/2025\/06\/logo-cursa-bombers-app.png\",\"contentUrl\":\"https:\/\/cursadebombers.barcelona\/wp-content\/uploads\/2025\/06\/logo-cursa-bombers-app.png\",\"width\":512,\"height\":512,\"caption\":\"Cursa de Bombers\"},\"image\":{\"@id\":\"https:\/\/cursadebombers.barcelona\/#\/schema\/logo\/image\/\"},\"sameAs\":[\"https:\/\/www.facebook.com\/CursadeBombers\/\",\"https:\/\/x.com\/cursadebombers\",\"https:\/\/www.instagram.com\/cursadebombers\/\"]}]}<\/script>\n<!-- \/ Yoast SEO plugin. -->","yoast_head_json":{"title":"Inscripciones Vueling Cursa Bombers Barcelon","description":"Resultados de la Vueling Cursa Bombers Barcelona del domingo 10 de noviembre de 2024.","robots":{"index":"index","follow":"follow","max-snippet":"max-snippet:-1","max-image-preview":"max-image-preview:large","max-video-preview":"max-video-preview:-1"},"canonical":"https:\/\/cursadebombers.barcelona\/es\/resultados-vueling-cursa-bombers\/","og_locale":"es_ES","og_type":"article","og_title":"Inscripciones Vueling Cursa Bombers Barcelon","og_description":"Resultados de la Vueling Cursa Bombers Barcelona del domingo 10 de noviembre de 2024.","og_url":"https:\/\/cursadebombers.barcelona\/es\/resultados-vueling-cursa-bombers\/","og_site_name":"Cursa de Bombers","article_publisher":"https:\/\/www.facebook.com\/CursadeBombers\/","article_modified_time":"2025-04-09T16:01:39+00:00","twitter_card":"summary_large_image","twitter_site":"@cursadebombers","twitter_misc":{"Tiempo de lectura":"1 minuto"},"schema":{"@context":"https:\/\/schema.org","@graph":[{"@type":"WebPage","@id":"https:\/\/cursadebombers.barcelona\/es\/resultados-vueling-cursa-bombers\/","url":"https:\/\/cursadebombers.barcelona\/es\/resultados-vueling-cursa-bombers\/","name":"Inscripciones Vueling Cursa Bombers Barcelon","isPartOf":{"@id":"https:\/\/cursadebombers.barcelona\/#website"},"datePublished":"2024-04-05T10:37:37+00:00","dateModified":"2025-04-09T16:01:39+00:00","description":"Resultados de la Vueling Cursa Bombers Barcelona del domingo 10 de noviembre de 2024.","breadcrumb":{"@id":"https:\/\/cursadebombers.barcelona\/es\/resultados-vueling-cursa-bombers\/#breadcrumb"},"inLanguage":"es","potentialAction":[{"@type":"ReadAction","target":["https:\/\/cursadebombers.barcelona\/es\/resultados-vueling-cursa-bombers\/"]}]},{"@type":"BreadcrumbList","@id":"https:\/\/cursadebombers.barcelona\/es\/resultados-vueling-cursa-bombers\/#breadcrumb","itemListElement":[{"@type":"ListItem","position":1,"name":"Inici","item":"https:\/\/cursadebombers.barcelona\/"},{"@type":"ListItem","position":2,"name":"Inscripciones Vueling Cursa Bombers Barcelon"}]},{"@type":"WebSite","@id":"https:\/\/cursadebombers.barcelona\/#website","url":"https:\/\/cursadebombers.barcelona\/","name":"Cursa de Bombers","description":"La Cursa dels Bombers de Barcelona.","publisher":{"@id":"https:\/\/cursadebombers.barcelona\/#organization"},"potentialAction":[{"@type":"SearchAction","target":{"@type":"EntryPoint","urlTemplate":"https:\/\/cursadebombers.barcelona\/?s={search_term_string}"},"query-input":{"@type":"PropertyValueSpecification","valueRequired":true,"valueName":"search_term_string"}}],"inLanguage":"es"},{"@type":"Organization","@id":"https:\/\/cursadebombers.barcelona\/#organization","name":"Cursa de Bombers","url":"https:\/\/cursadebombers.barcelona\/","logo":{"@type":"ImageObject","inLanguage":"es","@id":"https:\/\/cursadebombers.barcelona\/#\/schema\/logo\/image\/","url":"https:\/\/cursadebombers.barcelona\/wp-content\/uploads\/2025\/06\/logo-cursa-bombers-app.png","contentUrl":"https:\/\/cursadebombers.barcelona\/wp-content\/uploads\/2025\/06\/logo-cursa-bombers-app.png","width":512,"height":512,"caption":"Cursa de Bombers"},"image":{"@id":"https:\/\/cursadebombers.barcelona\/#\/schema\/logo\/image\/"},"sameAs":["https:\/\/www.facebook.com\/CursadeBombers\/","https:\/\/x.com\/cursadebombers","https:\/\/www.instagram.com\/cursadebombers\/"]}]}},"_links":{"self":[{"href":"https:\/\/cursadebombers.barcelona\/es\/wp-json\/wp\/v2\/pages\/10665","targetHints":{"allow":["GET"]}}],"collection":[{"href":"https:\/\/cursadebombers.barcelona\/es\/wp-json\/wp\/v2\/pages"}],"about":[{"href":"https:\/\/cursadebombers.barcelona\/es\/wp-json\/wp\/v2\/types\/page"}],"author":[{"embeddable":true,"href":"https:\/\/cursadebombers.barcelona\/es\/wp-json\/wp\/v2\/users\/1"}],"replies":[{"embeddable":true,"href":"https:\/\/cursadebombers.barcelona\/es\/wp-json\/wp\/v2\/comments?post=10665"}],"version-history":[{"count":5,"href":"https:\/\/cursadebombers.barcelona\/es\/wp-json\/wp\/v2\/pages\/10665\/revisions"}],"predecessor-version":[{"id":14136,"href":"https:\/\/cursadebombers.barcelona\/es\/wp-json\/wp\/v2\/pages\/10665\/revisions\/14136"}],"wp:attachment":[{"href":"https:\/\/cursadebombers.barcelona\/es\/wp-json\/wp\/v2\/media?parent=10665"}],"curies":[{"name":"wp","href":"https:\/\/api.w.org\/{rel}","templated":true}]}}